{"id":1795,"date":"2025-12-19T09:44:01","date_gmt":"2025-12-19T08:44:01","guid":{"rendered":"https:\/\/www.campingducolombier.com\/rechtliche-hinweise\/"},"modified":"2026-01-30T12:18:58","modified_gmt":"2026-01-30T11:18:58","slug":"rechtliche-hinweise","status":"publish","type":"page","link":"https:\/\/www.campingducolombier.com\/de\/rechtliche-hinweise\/","title":{"rendered":"Rechtliche Hinweise"},"content":{"rendered":"\n<div class=\"wp-block-group alignfull hrz-hero-4 swiper swiper-slider-6-colombier is-layout-flow wp-block-group-is-layout-flow\" style=\"margin-top:0;margin-bottom:0;padding-top:0;padding-right:0;padding-bottom:0;padding-left:0\">\n<div class=\"wp-block-group hrz-hero-4-content is-layout-flow wp-block-group-is-layout-flow\"><div class=\"aligncenter wp-block-site-logo\"><a href=\"https:\/\/www.campingducolombier.com\/de\/\" class=\"custom-logo-link\" rel=\"home\"><img decoding=\"async\" width=\"150\" height=\"50\" src=\"https:\/\/www.campingducolombier.com\/wp-content\/uploads\/2026\/01\/logo.png\" class=\"custom-logo\" alt=\"Le Camping du Colombier\" srcset=\"https:\/\/www.campingducolombier.com\/wp-content\/uploads\/2026\/01\/logo.png 408w, https:\/\/www.campingducolombier.com\/wp-content\/uploads\/2026\/01\/logo-300x101.png 300w, https:\/\/www.campingducolombier.com\/wp-content\/uploads\/2026\/01\/logo-400x137.png 400w\" sizes=\"(max-width: 150px) 100vw, 150px\" \/><\/a><\/div>\n\n\n<div class=\"wp-block-group is-relative is-content-justification-left is-nowrap is-layout-flex wp-container-core-group-is-layout-03554c85 wp-block-group-is-layout-flex\" style=\"padding-top:var(--wp--preset--spacing--m);padding-left:0\">\n<div class=\"wp-block-group hrz-slider-6-pagination hrz-slider-dots has-global-padding is-content-justification-center is-layout-constrained wp-block-group-is-layout-constrained\" style=\"border-radius:8px\"><\/div>\n<\/div>\n<\/div>\n\n\n\n<div class=\"wp-block-group swiper-wrapper is-nowrap is-layout-flex wp-container-core-group-is-layout-879c0eda wp-block-group-is-layout-flex\" style=\"margin-top:0;margin-bottom:0;padding-top:0;padding-right:0;padding-bottom:0;padding-left:0\">\n<div class=\"wp-block-group swiper-slide has-global-padding is-layout-constrained wp-block-group-is-layout-constrained\">\n<figure class=\"wp-block-image alignfull size-full\" style=\"margin-top:0;margin-right:0;margin-bottom:0;margin-left:0\"><img alt=\"\" decoding=\"async\" width=\"1920\" height=\"830\" src=\"https:\/\/www.campingducolombier.com\/wp-content\/uploads\/2026\/01\/camping-puy-de-dome-auvergne.webp\" alt=\"\" class=\"wp-image-856\" srcset=\"https:\/\/www.campingducolombier.com\/wp-content\/uploads\/2026\/01\/camping-puy-de-dome-auvergne.webp 1920w, https:\/\/www.campingducolombier.com\/wp-content\/uploads\/2026\/01\/camping-puy-de-dome-auvergne-300x130.webp 300w, https:\/\/www.campingducolombier.com\/wp-content\/uploads\/2026\/01\/camping-puy-de-dome-auvergne-1024x443.webp 1024w, https:\/\/www.campingducolombier.com\/wp-content\/uploads\/2026\/01\/camping-puy-de-dome-auvergne-768x332.webp 768w\" sizes=\"(max-width: 1920px) 100vw, 1920px\" \/><\/figure>\n<\/div>\n<\/div>\n<\/div>\n\n<div class=\"wp-block-group has-global-padding is-layout-constrained wp-block-group-is-layout-constrained\"><div style=\"padding-top:var(--wp--preset--spacing--xl);padding-bottom:var(--wp--preset--spacing--xl);\" class=\"wp-block-wpseopress-breadcrumbs\"><nav  aria-label=\"Brotkrumen\"><ol class=\"breadcrumb\" itemscope itemtype=\"https:\/\/schema.org\/BreadcrumbList\"><li class=\"breadcrumb-item active\" aria-current=\"page\" itemprop=\"itemListElement\" itemscope itemtype=\"https:\/\/schema.org\/ListItem\"><span itemprop=\"name\">Camping \u00e0 Volvic<\/span><meta itemprop=\"position\" content=\"1\"><\/li><\/ol><\/nav><\/div>\n\n\n<div class=\"wp-block-outermost-icon-block items-justified-left\"><div class=\"icon-container has-icon-color has-primary-color\" style=\"color:#28562A;width:120px;transform:rotate(0deg) scaleX(1) scaleY(1)\"><svg xmlns=\"http:\/\/www.w3.org\/2000\/svg\" width=\"126\" height=\"75\" viewbox=\"0 0 126 75\" fill=\"none\"><g clip-path=\"url(#clip0_2031_450)\"><path fill-rule=\"evenodd\" clip-rule=\"evenodd\" d=\"M24.3844 34.7686C15.8248 39.8132 7.68276 41.36 0 39.4091C14.781 61.7196 35.3379 64.437 61.6708 47.5752C48.4904 41.374 37.0777 40.6633 27.4325 45.457C40.4737 37.3467 57.3284 39.1861 77.9967 50.9754C62.1301 27.2714 44.2594 21.8784 24.3844 34.7826V34.7686Z\"><\/path><path fill-rule=\"evenodd\" clip-rule=\"evenodd\" d=\"M85.8603 18.8266C77.2172 13.9214 71.817 7.6505 69.6597 0C57.7598 23.9688 65.6792 43.1577 93.4317 57.553C92.207 43.0184 87.113 32.7759 78.1497 26.8116C91.6781 34.058 98.5258 49.5959 98.6649 73.4114C111.233 47.7982 106.96 29.5987 85.8603 18.8266Z\"><\/path><path fill-rule=\"evenodd\" clip-rule=\"evenodd\" d=\"M62.3945 65.2174C74.545 63.4198 80.6132 62.5279 80.6132 62.5279C77.7461 68.8128 72.0119 73.3278 65.2338 74.6238C58.4557 75.9337 51.4689 73.8713 46.4723 69.0915C49.1446 62.6812 54.6561 57.9153 61.3785 56.2013C68.087 54.4872 75.227 56.048 80.6272 60.3958C68.4767 63.6149 62.4084 65.2174 62.4084 65.2174H62.3945Z\"><\/path><path fill-rule=\"evenodd\" clip-rule=\"evenodd\" d=\"M47.0848 12.054C54.7118 21.6834 58.5254 26.505 58.5254 26.505C51.6499 27.1599 44.8857 24.4426 40.3623 19.2168C35.839 13.9911 34.1271 6.89797 35.7694 0.181132C42.6449 -0.710729 49.5343 1.68615 54.3639 6.66107C59.2074 11.622 61.4203 18.5897 60.3626 25.4459C51.5107 16.5273 47.0708 12.054 47.0708 12.054H47.0848Z\"><\/path><path fill-rule=\"evenodd\" clip-rule=\"evenodd\" d=\"M116.856 27.16C112.333 38.587 110.078 44.3005 110.078 44.3005C106.069 38.6706 105.039 31.4521 107.294 24.9164C109.563 18.3808 114.838 13.3501 121.463 11.4131C125.666 16.9315 127.044 24.0942 125.165 30.7832C123.286 37.4582 118.387 42.8652 111.915 45.3735C115.2 33.2358 116.856 27.16 116.856 27.16Z\"><\/path><\/g><defs><clippath id=\"clip0_2031_450\"><rect width=\"126\" height=\"75\" fill=\"white\"><\/rect><\/clippath><\/defs><\/svg><\/div><\/div>\n\n\n\n<div style=\"height:var(--wp--preset--spacing--m)\" aria-hidden=\"true\" class=\"wp-block-spacer\"><\/div>\n\n\n\n<p class=\"has-text-align-left is-style-top-title has-primary-color has-text-color has-link-color wp-elements-0b8dcf3a464a671cefd9ea7023ac4c31 is-style-top-title--1\"><strong>Rechtliche Hinweise<\/strong><\/p>\n\n\n\n<h1 class=\"wp-block-heading\" style=\"margin-bottom:var(--wp--preset--spacing--xxl)\"><strong>Vom Campingplatz Le Colombier<\/strong><\/h1>\n<\/div>\n\n<div class=\"wp-block-group has-global-padding is-layout-constrained wp-block-group-is-layout-constrained\">\n<h2 class=\"wp-block-heading\">Identit\u00e4t<\/h2>\n<\/div>\n\n<p>Name der Website: <strong>Camping <\/strong>Du Colombier<br\/>Adresse: https:\/\/www.campingducolombier.com\/<br\/>Eigent\u00fcmer: M RODIER St\u00e9phane<br\/>Verantwortlich f\u00fcr die Ver\u00f6ffentlichung: <strong>Camping <\/strong>Du Colombier<br\/>Design und Umsetzung: Horizon Marketing<br\/>Animation: <strong>Camping <\/strong>Du Colombier<br\/>Hosting: <strong>Infomaniak<\/strong><\/p>\n\n<p><\/p>\n\n<h2 class=\"wp-block-heading\">Juristische Person<\/h2>\n\n<p>SAS CAMP-LOUP, Stammkapital 10 000,00 \u20ac &#8211; SIRET-Nr.: 829 129 618 00015 &#8211; APE-Code: 5530Z &#8211; RCS: 829 129 618 &#8211; Intrakommunale Mehrwertsteuer: FR18 829 129 618<\/p>\n\n<p><\/p>\n\n<h2 class=\"wp-block-heading\">Nutzungsbedingungen<\/h2>\n\n<p>Die Nutzung dieser Website setzt die vollst\u00e4ndige und uneingeschr\u00e4nkte Annahme der nachstehend beschriebenen allgemeinen Nutzungsbedingungen voraus. Diese Nutzungsbedingungen k\u00f6nnen jederzeit ge\u00e4ndert oder erg\u00e4nzt werden. <\/p>\n\n<p><\/p>\n\n<h2 class=\"wp-block-heading\">Informationen<\/h2>\n\n<p>Die Informationen und Dokumente auf der Website dienen der Information, sind nicht ersch\u00f6pfend und k\u00f6nnen nicht zur Verantwortung gezogen werden.<\/p>\n\n<p>Der Eigent\u00fcmer der Website haftet nicht f\u00fcr direkte oder indirekte Sch\u00e4den, die sich aus dem Zugriff auf die Website ergeben.<\/p>\n\n<p><\/p>\n\n<h2 class=\"wp-block-heading\">Interaktivit\u00e4t<\/h2>\n\n<p>Die Nutzer der Website k\u00f6nnen Inhalte hinterlegen, die auf der Website in daf\u00fcr vorgesehenen Bereichen erscheinen (insbesondere \u00fcber das Kontaktformular). Die Verantwortung f\u00fcr den Inhalt liegt bei den Autoren, die die volle rechtliche Verantwortung daf\u00fcr \u00fcbernehmen. <\/p>\n\n<p>Der Eigent\u00fcmer der Website beh\u00e4lt sich jedoch das Recht vor, von Nutzern eingereichte Inhalte, die nicht den ethischen Richtlinien der Website oder den geltenden Gesetzen entsprechen, ohne Vorank\u00fcndigung und ohne Begr\u00fcndung zu entfernen.<\/p>\n\n<p><\/p>\n\n<h2 class=\"wp-block-heading\">Geistiges Eigentum<\/h2>\n\n<p>Sofern nicht anders angegeben, sind alle auf der Website zug\u00e4nglichen Elemente (Texte, Bilder, Grafiken, Logos, Icons, T\u00f6ne, Software usw.) das ausschlie\u00dfliche Eigentum ihrer Autoren, was die Rechte am geistigen Eigentum oder die Nutzungsrechte betrifft.<\/p>\n\n<p>Die Vervielf\u00e4ltigung, Darstellung, \u00c4nderung, Ver\u00f6ffentlichung und Anpassung aller oder eines Teils der Elemente der Website, unabh\u00e4ngig von den verwendeten Mitteln oder Verfahren, ist ohne vorherige schriftliche Genehmigung des Autors untersagt.<\/p>\n\n<p>Jede nicht genehmigte Nutzung der Website oder eines ihrer Elemente gilt als F\u00e4lschung und wird strafrechtlich verfolgt.<\/p>\n\n<p>Die auf der Website abgebildeten Marken und Logos sind von den Unternehmen registriert, die ihre Eigent\u00fcmer sind.<\/p>\n\n<p><\/p>\n\n<h2 class=\"wp-block-heading\">Links<\/h2>\n\n<p><strong>Ausgehende Links<\/strong><\/p>\n\n<p>Der Eigent\u00fcmer der Website lehnt jede Haftung ab und ist nicht verpflichtet, \u00fcber Hypertext-Links auf Ressourcen Dritter im Internet zu verweisen, sowohl in Bezug auf deren Inhalt als auch auf deren Relevanz.<\/p>\n\n<p><strong>Eingehende Links<\/strong><\/p>\n\n<p>Der Eigent\u00fcmer der Website gestattet Hypertext-Links zu einer der Seiten dieser Website, sofern diese ein neues Fenster \u00f6ffnen und unmissverst\u00e4ndlich dargestellt werden, um zu verhindern, dass :<\/p>\n\n<ul class=\"wp-block-list\">\n<li>jegliche Verwechslungsgefahr zwischen der zitierenden Website und dem Eigent\u00fcmer der Website<\/li>\n\n\n\n<li>sowie jede tendenzi\u00f6se oder gegen das geltende Recht versto\u00dfende Darstellung.<\/li>\n<\/ul>\n\n<p>Der Eigent\u00fcmer der Website beh\u00e4lt sich das Recht vor, die Entfernung eines Links zu verlangen, wenn er der Ansicht ist, dass die Quellsite die hier festgelegten Regeln nicht einh\u00e4lt.<\/p>\n\n<p><\/p>\n\n<h2 class=\"wp-block-heading\">Datenschutz<\/h2>\n\n<p>Jeder Nutzer hat das Recht auf Zugang, Berichtigung und Widerspruch zu den ihn betreffenden pers\u00f6nlichen Daten, indem er einen schriftlichen und unterschriebenen Antrag zusammen mit einem Identit\u00e4tsnachweis stellt.<\/p>\n\n<p>Bei Anfragen wenden Sie sich bitte an die Beschwerdeabteilung<\/p>\n\n<p><\/p>\n\n<h2 class=\"wp-block-heading\">Ombudsmann f\u00fcr Verbraucherfragen<\/h2>\n\n<p>Gem\u00e4\u00df Artikel L 612-1 des Verbraucherschutzgesetzes hat jeder Kunde des Campingplatzes das Recht, sich kostenlos an einen Verbraucherschlichter zu wenden, um einen Streitfall mit dem Betreiber des Platzes g\u00fctlich beizulegen.<\/p>\n\n<p><\/p>\n\n<h2 class=\"wp-block-heading\">Kredite<\/h2>\n\n<p>Adobe stock<br\/><strong>Camping <\/strong>Du Colombier<\/p>\n\n<div style=\"height:var(--wp--preset--spacing--xxxxl)\" aria-hidden=\"true\" class=\"wp-block-spacer\"><\/div>\n","protected":false},"excerpt":{"rendered":"<p>Rechtliche Hinweise Vom Campingplatz Le Colombier Identit\u00e4t Name der Website: Camping Du ColombierAdresse: https:\/\/www.campingducolombier.com\/Eigent\u00fcmer: M RODIER St\u00e9phaneVerantwortlich f\u00fcr die Ver\u00f6ffentlichung: Camping Du ColombierDesign und Umsetzung: Horizon MarketingAnimation: Camping Du ColombierHosting: Infomaniak Juristische Person SAS CAMP-LOUP, Stammkapital 10 000,00 \u20ac &#8211; SIRET-Nr.: 829 129 618 00015 &#8211; APE-Code: 5530Z &#8211; RCS: 829 129 618 &#8211; Intrakommunale [&hellip;]<\/p>\n","protected":false},"author":1,"featured_media":0,"parent":0,"menu_order":0,"comment_status":"closed","ping_status":"closed","template":"page-no-title","meta":{"_acf_changed":false,"_seopress_robots_primary_cat":"","_seopress_titles_title":"Rechtliche Hinweise | Campingplatz Le Camping du Colombier in Volvic","_seopress_titles_desc":"Rechtliche Hinweise des 3-Sterne-Campingplatzes Le Camping du Colombier in Volvic in der Region Puy-de-D\u00f4me.","_seopress_robots_index":"","footnotes":""},"class_list":["post-1795","page","type-page","status-publish","hentry"],"acf":[],"_links":{"self":[{"href":"https:\/\/www.campingducolombier.com\/de\/wp-json\/wp\/v2\/pages\/1795","targetHints":{"allow":["GET"]}}],"collection":[{"href":"https:\/\/www.campingducolombier.com\/de\/wp-json\/wp\/v2\/pages"}],"about":[{"href":"https:\/\/www.campingducolombier.com\/de\/wp-json\/wp\/v2\/types\/page"}],"author":[{"embeddable":true,"href":"https:\/\/www.campingducolombier.com\/de\/wp-json\/wp\/v2\/users\/1"}],"replies":[{"embeddable":true,"href":"https:\/\/www.campingducolombier.com\/de\/wp-json\/wp\/v2\/comments?post=1795"}],"version-history":[{"count":1,"href":"https:\/\/www.campingducolombier.com\/de\/wp-json\/wp\/v2\/pages\/1795\/revisions"}],"predecessor-version":[{"id":1796,"href":"https:\/\/www.campingducolombier.com\/de\/wp-json\/wp\/v2\/pages\/1795\/revisions\/1796"}],"wp:attachment":[{"href":"https:\/\/www.campingducolombier.com\/de\/wp-json\/wp\/v2\/media?parent=1795"}],"curies":[{"name":"wp","href":"https:\/\/api.w.org\/{rel}","templated":true}]}}