{"id":1785,"date":"2026-01-13T15:31:55","date_gmt":"2026-01-13T14:31:55","guid":{"rendered":"https:\/\/www.campingducolombier.com\/reiseruecktrittsversicherung\/"},"modified":"2026-01-30T12:18:40","modified_gmt":"2026-01-30T11:18:40","slug":"reiseruecktrittsversicherung","status":"publish","type":"page","link":"https:\/\/www.campingducolombier.com\/de\/reiseruecktrittsversicherung\/","title":{"rendered":"Reiser\u00fccktrittsversicherung"},"content":{"rendered":"\n<div class=\"wp-block-group alignfull hrz-hero-4 swiper swiper-slider-6-colombier is-layout-flow wp-block-group-is-layout-flow\" style=\"margin-top:0;margin-bottom:0;padding-top:0;padding-right:0;padding-bottom:0;padding-left:0\">\n<div class=\"wp-block-group hrz-hero-4-content is-layout-flow wp-block-group-is-layout-flow\"><div class=\"aligncenter wp-block-site-logo\"><a href=\"https:\/\/www.campingducolombier.com\/de\/\" class=\"custom-logo-link\" rel=\"home\"><img decoding=\"async\" width=\"150\" height=\"50\" src=\"https:\/\/www.campingducolombier.com\/wp-content\/uploads\/2026\/01\/logo.png\" class=\"custom-logo\" alt=\"Le Camping du Colombier\" srcset=\"https:\/\/www.campingducolombier.com\/wp-content\/uploads\/2026\/01\/logo.png 408w, https:\/\/www.campingducolombier.com\/wp-content\/uploads\/2026\/01\/logo-300x101.png 300w, https:\/\/www.campingducolombier.com\/wp-content\/uploads\/2026\/01\/logo-400x137.png 400w\" sizes=\"(max-width: 150px) 100vw, 150px\" \/><\/a><\/div>\n\n\n<div class=\"wp-block-group is-relative is-content-justification-left is-nowrap is-layout-flex wp-container-core-group-is-layout-03554c85 wp-block-group-is-layout-flex\" style=\"padding-top:var(--wp--preset--spacing--m);padding-left:0\">\n<div class=\"wp-block-group hrz-slider-6-pagination hrz-slider-dots has-global-padding is-content-justification-center is-layout-constrained wp-block-group-is-layout-constrained\" style=\"border-radius:8px\"><\/div>\n<\/div>\n<\/div>\n\n\n\n<div class=\"wp-block-group swiper-wrapper is-nowrap is-layout-flex wp-container-core-group-is-layout-879c0eda wp-block-group-is-layout-flex\" style=\"margin-top:0;margin-bottom:0;padding-top:0;padding-right:0;padding-bottom:0;padding-left:0\">\n<div class=\"wp-block-group swiper-slide has-global-padding is-layout-constrained wp-block-group-is-layout-constrained\">\n<figure class=\"wp-block-image alignfull size-full\" style=\"margin-top:0;margin-right:0;margin-bottom:0;margin-left:0\"><img alt=\"\" decoding=\"async\" width=\"2000\" height=\"1333\" src=\"https:\/\/www.campingducolombier.com\/wp-content\/uploads\/2025\/12\/region-auvergne-6.webp\" alt=\"\" class=\"wp-image-135\" srcset=\"https:\/\/www.campingducolombier.com\/wp-content\/uploads\/2025\/12\/region-auvergne-6.webp 2000w, https:\/\/www.campingducolombier.com\/wp-content\/uploads\/2025\/12\/region-auvergne-6-300x200.webp 300w, https:\/\/www.campingducolombier.com\/wp-content\/uploads\/2025\/12\/region-auvergne-6-1024x682.webp 1024w, https:\/\/www.campingducolombier.com\/wp-content\/uploads\/2025\/12\/region-auvergne-6-768x512.webp 768w, https:\/\/www.campingducolombier.com\/wp-content\/uploads\/2025\/12\/region-auvergne-6-1440x960.webp 1440w, https:\/\/www.campingducolombier.com\/wp-content\/uploads\/2025\/12\/region-auvergne-6-1080x720.webp 1080w, https:\/\/www.campingducolombier.com\/wp-content\/uploads\/2025\/12\/region-auvergne-6-720x480.webp 720w, https:\/\/www.campingducolombier.com\/wp-content\/uploads\/2025\/12\/region-auvergne-6-480x320.webp 480w, https:\/\/www.campingducolombier.com\/wp-content\/uploads\/2025\/12\/region-auvergne-6-240x160.webp 240w, https:\/\/www.campingducolombier.com\/wp-content\/uploads\/2025\/12\/region-auvergne-6-120x80.webp 120w\" sizes=\"(max-width: 2000px) 100vw, 2000px\" \/><\/figure>\n<\/div>\n<\/div>\n<\/div>\n\n<div class=\"wp-block-group has-global-padding is-layout-constrained wp-block-group-is-layout-constrained\"><div style=\"padding-top:var(--wp--preset--spacing--xl);padding-bottom:var(--wp--preset--spacing--xl);\" class=\"wp-block-wpseopress-breadcrumbs\"><nav  aria-label=\"Brotkrumen\"><ol class=\"breadcrumb\" itemscope itemtype=\"https:\/\/schema.org\/BreadcrumbList\"><li class=\"breadcrumb-item active\" aria-current=\"page\" itemprop=\"itemListElement\" itemscope itemtype=\"https:\/\/schema.org\/ListItem\"><span itemprop=\"name\">Camping \u00e0 Volvic<\/span><meta itemprop=\"position\" content=\"1\"><\/li><\/ol><\/nav><\/div>\n\n\n<div class=\"wp-block-outermost-icon-block items-justified-left\"><div class=\"icon-container has-icon-color has-primary-color\" style=\"color:#28562A;width:120px;transform:rotate(0deg) scaleX(1) scaleY(1)\"><svg xmlns=\"http:\/\/www.w3.org\/2000\/svg\" width=\"126\" height=\"75\" viewbox=\"0 0 126 75\" fill=\"none\"><g clip-path=\"url(#clip0_2031_450)\"><path fill-rule=\"evenodd\" clip-rule=\"evenodd\" d=\"M24.3844 34.7686C15.8248 39.8132 7.68276 41.36 0 39.4091C14.781 61.7196 35.3379 64.437 61.6708 47.5752C48.4904 41.374 37.0777 40.6633 27.4325 45.457C40.4737 37.3467 57.3284 39.1861 77.9967 50.9754C62.1301 27.2714 44.2594 21.8784 24.3844 34.7826V34.7686Z\"><\/path><path fill-rule=\"evenodd\" clip-rule=\"evenodd\" d=\"M85.8603 18.8266C77.2172 13.9214 71.817 7.6505 69.6597 0C57.7598 23.9688 65.6792 43.1577 93.4317 57.553C92.207 43.0184 87.113 32.7759 78.1497 26.8116C91.6781 34.058 98.5258 49.5959 98.6649 73.4114C111.233 47.7982 106.96 29.5987 85.8603 18.8266Z\"><\/path><path fill-rule=\"evenodd\" clip-rule=\"evenodd\" d=\"M62.3945 65.2174C74.545 63.4198 80.6132 62.5279 80.6132 62.5279C77.7461 68.8128 72.0119 73.3278 65.2338 74.6238C58.4557 75.9337 51.4689 73.8713 46.4723 69.0915C49.1446 62.6812 54.6561 57.9153 61.3785 56.2013C68.087 54.4872 75.227 56.048 80.6272 60.3958C68.4767 63.6149 62.4084 65.2174 62.4084 65.2174H62.3945Z\"><\/path><path fill-rule=\"evenodd\" clip-rule=\"evenodd\" d=\"M47.0848 12.054C54.7118 21.6834 58.5254 26.505 58.5254 26.505C51.6499 27.1599 44.8857 24.4426 40.3623 19.2168C35.839 13.9911 34.1271 6.89797 35.7694 0.181132C42.6449 -0.710729 49.5343 1.68615 54.3639 6.66107C59.2074 11.622 61.4203 18.5897 60.3626 25.4459C51.5107 16.5273 47.0708 12.054 47.0708 12.054H47.0848Z\"><\/path><path fill-rule=\"evenodd\" clip-rule=\"evenodd\" d=\"M116.856 27.16C112.333 38.587 110.078 44.3005 110.078 44.3005C106.069 38.6706 105.039 31.4521 107.294 24.9164C109.563 18.3808 114.838 13.3501 121.463 11.4131C125.666 16.9315 127.044 24.0942 125.165 30.7832C123.286 37.4582 118.387 42.8652 111.915 45.3735C115.2 33.2358 116.856 27.16 116.856 27.16Z\"><\/path><\/g><defs><clippath id=\"clip0_2031_450\"><rect width=\"126\" height=\"75\" fill=\"white\"><\/rect><\/clippath><\/defs><\/svg><\/div><\/div>\n\n\n\n<div style=\"height:var(--wp--preset--spacing--m)\" aria-hidden=\"true\" class=\"wp-block-spacer\"><\/div>\n\n\n\n<p class=\"has-text-align-left is-style-top-title has-primary-color has-text-color has-link-color wp-elements-177947296a09f83a076f3f02241b4a04 is-style-top-title--1\"><strong>Reiser\u00fccktrittsversicherung<\/strong><\/p>\n\n\n\n<h1 class=\"wp-block-heading\" style=\"margin-bottom:var(--wp--preset--spacing--xxl)\"><strong>NEAT<\/strong><\/h1>\n<\/div>\n\n<div class=\"wp-block-group has-global-padding is-layout-constrained wp-block-group-is-layout-constrained\">\n<p>Der Campingplatz Du Colombier bietet Ihnen die M\u00f6glichkeit, mit der <strong><a href=\"https:\/\/www.campingducolombier.com\/wp-content\/uploads\/2026\/01\/Flyer_Digital_Neat_Camping_Flex_v02.pdf\" data-type=\"attachment\" data-id=\"1321\">unserem Partner NEAT Assurance.<\/a><\/strong> eine Versicherung f\u00fcr die Stornierung und Unterbrechung des Aufenthalts <strong>mit oder ohne Nachweis ab<\/strong>zuschlie\u00dfen.<\/p>\n\n\n\n<p>Die bei der Buchung angebotene Versicherung erm\u00f6glicht Ihnen die R\u00fcckerstattung des Reisepreises im Falle von unvorhergesehenen Ereignissen vor oder w\u00e4hrend Ihres Aufenthalts.<\/p>\n\n\n\n<p>Sie ist sehr einfach zu nutzen und erm\u00f6glicht es Ihnen, innerhalb von 48 Stunden gem\u00e4\u00df den <a href=\"https:\/\/www.campingducolombier.com\/wp-content\/uploads\/2026\/01\/Notice_Flex.pdf\" data-type=\"attachment\" data-id=\"1317\" target=\"_blank\" rel=\"noreferrer noopener nofollow\">Bedingungen des Versicherers<\/a> eine Erstattung zu erhalten. Jeder ist versichert, keine Verwandtschaftsbeziehung\u0301 erforderlich. <\/p>\n\n\n\n<p>Eine Stornierung Ihres Aufenthalts \u00fcber diese Seite ist <strong>nur<\/strong> m\u00f6glich, wenn Sie eine Stornierungsversicherung bei NEAT Assurance abgeschlossen haben!<\/p>\n\n\n\n<figure class=\"wp-block-image size-full\"><img alt=\"\" decoding=\"async\" width=\"297\" height=\"66\" src=\"https:\/\/www.campingducolombier.com\/wp-content\/uploads\/2026\/01\/logo_neat_camping.png\" alt=\"\" class=\"wp-image-1326\"\/><\/figure>\n\n\n\n<p>Vereinfachte Online-Erkl\u00e4rung.<br\/><br\/>Wie soll ich vorgehen?<br\/>1) LESEN <strong>SIE<\/strong> die <a href=\"https:\/\/www.campingducolombier.com\/wp-content\/uploads\/2026\/01\/Notice_Flex.pdf\" data-type=\"attachment\" data-id=\"1317\">Flex-Stornierungsbedingungen<\/a> der Versicherung f\u00fcr eine Buchung auf dem <strong>Campingplatz Du Colombier in LOUBEYRAT<\/strong>.<\/p>\n\n\n\n<p>2) den Campingplatz \u00fcber Ihren R\u00fccktritt <strong>informieren,<\/strong> sobald ein Ereignis eintritt, das Ihre Abreise verhindert.<\/p>\n\n\n\n<p>Per E-Mail: <a href=\"mailto:info@campingducolombier.fr\">info@campingducolombier.fr<\/a><\/p>\n\n\n\n<p><br\/>3) <strong>Melden Sie den Schaden<\/strong> innerhalb von 48 Stunden, wenn Sie davon Kenntnis erhalten:<\/p>\n\n\n\n<p>Per Internet: https:\/\/help.neat.eu<br\/>Per E-Mail: <a href=\"mailto:sinistre@neat.eu\">sinistre@neat.eu<\/a><br\/>Per Post: NEAT &#8211; 117 Quai de Bacalan, 33300 BORDEAUX<\/p>\n\n\n\n<p>Denken Sie daran, die folgenden Informationen zusammenzustellen, die Sie ben\u00f6tigen werden:<\/p>\n\n\n\n<p>Ihre Vertragsnummer,<br\/>-Ihren Vor- und Nachnamen,<br\/>-Ihre Wohnanschrift,<br\/>-Die Telefonnummer, unter der wir Sie erreichen k\u00f6nnen,<br\/>-Den Grund f\u00fcr Ihre Meldung.<\/p>\n\n\n\n<p>Sie erhalten eine Versicherungsnummer. Diese Nummer ist bei allen weiteren Kontakten mit unserem Versicherungsservice stets anzugeben. <\/p>\n<\/div>\n\n<div style=\"height:var(--wp--preset--spacing--xxxl)\" aria-hidden=\"true\" class=\"wp-block-spacer\"><\/div>\n","protected":false},"excerpt":{"rendered":"<p>Reiser\u00fccktrittsversicherung NEAT Der Campingplatz Du Colombier bietet Ihnen die M\u00f6glichkeit, mit der unserem Partner NEAT Assurance. eine Versicherung f\u00fcr die Stornierung und Unterbrechung des Aufenthalts mit oder ohne Nachweis abzuschlie\u00dfen. Die bei der Buchung angebotene Versicherung erm\u00f6glicht Ihnen die R\u00fcckerstattung des Reisepreises im Falle von unvorhergesehenen Ereignissen vor oder w\u00e4hrend Ihres Aufenthalts. Sie ist sehr [&hellip;]<\/p>\n","protected":false},"author":1,"featured_media":0,"parent":0,"menu_order":0,"comment_status":"closed","ping_status":"closed","template":"page-no-title","meta":{"_acf_changed":false,"_seopress_robots_primary_cat":"","_seopress_titles_title":"Reiser\u00fccktrittsversicherung | Reisen mit gutem Gewissen","_seopress_titles_desc":"Buchen Sie mit ruhigem Gewissen! Mit der NEAT-Versicherung erhalten Sie im Falle eines unvorhergesehenen Ereignisses innerhalb von 48 Stunden eine R\u00fcckerstattung. Flexibler Versicherungsschutz zur Absicherung Ihres Urlaubs in der Auvergne.  ","_seopress_robots_index":"","footnotes":""},"class_list":["post-1785","page","type-page","status-publish","hentry"],"acf":[],"_links":{"self":[{"href":"https:\/\/www.campingducolombier.com\/de\/wp-json\/wp\/v2\/pages\/1785","targetHints":{"allow":["GET"]}}],"collection":[{"href":"https:\/\/www.campingducolombier.com\/de\/wp-json\/wp\/v2\/pages"}],"about":[{"href":"https:\/\/www.campingducolombier.com\/de\/wp-json\/wp\/v2\/types\/page"}],"author":[{"embeddable":true,"href":"https:\/\/www.campingducolombier.com\/de\/wp-json\/wp\/v2\/users\/1"}],"replies":[{"embeddable":true,"href":"https:\/\/www.campingducolombier.com\/de\/wp-json\/wp\/v2\/comments?post=1785"}],"version-history":[{"count":1,"href":"https:\/\/www.campingducolombier.com\/de\/wp-json\/wp\/v2\/pages\/1785\/revisions"}],"predecessor-version":[{"id":1786,"href":"https:\/\/www.campingducolombier.com\/de\/wp-json\/wp\/v2\/pages\/1785\/revisions\/1786"}],"wp:attachment":[{"href":"https:\/\/www.campingducolombier.com\/de\/wp-json\/wp\/v2\/media?parent=1785"}],"curies":[{"name":"wp","href":"https:\/\/api.w.org\/{rel}","templated":true}]}}