{"id":1779,"date":"2026-01-06T12:58:38","date_gmt":"2026-01-06T11:58:38","guid":{"rendered":"https:\/\/www.campingducolombier.com\/oekotourismus\/"},"modified":"2026-01-30T12:18:30","modified_gmt":"2026-01-30T11:18:30","slug":"oekotourismus","status":"publish","type":"page","link":"https:\/\/www.campingducolombier.com\/de\/oekotourismus\/","title":{"rendered":"\u00d6kotourismus"},"content":{"rendered":"\n<div class=\"wp-block-group alignfull hrz-hero-4 swiper swiper-slider-6-colombier is-layout-flow wp-block-group-is-layout-flow\" style=\"margin-top:0;margin-bottom:0;padding-top:0;padding-right:0;padding-bottom:0;padding-left:0\">\n<div class=\"wp-block-group hrz-hero-4-content is-layout-flow wp-block-group-is-layout-flow\"><div class=\"aligncenter wp-block-site-logo\"><a href=\"https:\/\/www.campingducolombier.com\/de\/\" class=\"custom-logo-link\" rel=\"home\"><img decoding=\"async\" width=\"150\" height=\"50\" src=\"https:\/\/www.campingducolombier.com\/wp-content\/uploads\/2026\/01\/logo.png\" class=\"custom-logo\" alt=\"Le Camping du Colombier\" srcset=\"https:\/\/www.campingducolombier.com\/wp-content\/uploads\/2026\/01\/logo.png 408w, https:\/\/www.campingducolombier.com\/wp-content\/uploads\/2026\/01\/logo-300x101.png 300w, https:\/\/www.campingducolombier.com\/wp-content\/uploads\/2026\/01\/logo-400x137.png 400w\" sizes=\"(max-width: 150px) 100vw, 150px\" \/><\/a><\/div>\n\n\n<div class=\"wp-block-group is-relative is-content-justification-left is-nowrap is-layout-flex wp-container-core-group-is-layout-03554c85 wp-block-group-is-layout-flex\" style=\"padding-top:var(--wp--preset--spacing--m);padding-left:0\">\n<div class=\"wp-block-group hrz-slider-6-pagination hrz-slider-dots has-global-padding is-content-justification-center is-layout-constrained wp-block-group-is-layout-constrained\" style=\"border-radius:8px\"><\/div>\n<\/div>\n<\/div>\n\n\n\n<div class=\"wp-block-group swiper-wrapper is-nowrap is-layout-flex wp-container-core-group-is-layout-879c0eda wp-block-group-is-layout-flex\" style=\"margin-top:0;margin-bottom:0;padding-top:0;padding-right:0;padding-bottom:0;padding-left:0\">\n<div class=\"wp-block-group swiper-slide has-global-padding is-layout-constrained wp-block-group-is-layout-constrained\">\n<figure class=\"wp-block-image alignfull size-full\" style=\"margin-top:0;margin-right:0;margin-bottom:0;margin-left:0\"><img alt=\"\" decoding=\"async\" width=\"1920\" height=\"830\" src=\"https:\/\/www.campingducolombier.com\/wp-content\/uploads\/2026\/01\/camping-puy-de-dome-auvergne.webp\" alt=\"\" class=\"wp-image-856\" srcset=\"https:\/\/www.campingducolombier.com\/wp-content\/uploads\/2026\/01\/camping-puy-de-dome-auvergne.webp 1920w, https:\/\/www.campingducolombier.com\/wp-content\/uploads\/2026\/01\/camping-puy-de-dome-auvergne-300x130.webp 300w, https:\/\/www.campingducolombier.com\/wp-content\/uploads\/2026\/01\/camping-puy-de-dome-auvergne-1024x443.webp 1024w, https:\/\/www.campingducolombier.com\/wp-content\/uploads\/2026\/01\/camping-puy-de-dome-auvergne-768x332.webp 768w\" sizes=\"(max-width: 1920px) 100vw, 1920px\" \/><\/figure>\n<\/div>\n<\/div>\n<\/div>\n\n<div class=\"wp-block-group alignfull is-style-background-img-groupe-wave-white has-primary-gradient-gradient-background has-background has-global-padding is-layout-constrained wp-block-group-is-layout-constrained\"><div style=\"padding-top:var(--wp--preset--spacing--xl);padding-bottom:var(--wp--preset--spacing--xl);\" class=\"wp-block-wpseopress-breadcrumbs\"><nav  aria-label=\"Brotkrumen\"><ol class=\"breadcrumb\" itemscope itemtype=\"https:\/\/schema.org\/BreadcrumbList\"><li class=\"breadcrumb-item active\" aria-current=\"page\" itemprop=\"itemListElement\" itemscope itemtype=\"https:\/\/schema.org\/ListItem\"><span itemprop=\"name\">Camping \u00e0 Volvic<\/span><meta itemprop=\"position\" content=\"1\"><\/li><\/ol><\/nav><\/div>\n\n\n<div style=\"height:var(--wp--preset--spacing--xxxxl)\" aria-hidden=\"true\" class=\"wp-block-spacer\"><\/div>\n\n\n\n<div class=\"wp-block-columns alignwide are-vertically-aligned-center hrz-responsive-col hrz-reponsive-order is-style-hrz-reponsive-order is-layout-flex wp-container-core-columns-is-layout-3f562962 wp-block-columns-is-layout-flex\" style=\"margin-top:0;margin-bottom:0;padding-top:0;padding-right:var(--wp--preset--spacing--xxl);padding-bottom:0;padding-left:var(--wp--preset--spacing--xxl)\">\n<div class=\"wp-block-column is-vertically-aligned-center is-layout-flow wp-block-column-is-layout-flow\">\n<figure class=\"wp-block-image size-full\"><img alt=\"\" decoding=\"async\" width=\"1920\" height=\"1053\" src=\"https:\/\/www.campingducolombier.com\/wp-content\/uploads\/2026\/01\/Centre-de-tri.webp\" alt=\"\" class=\"wp-image-848\" style=\"aspect-ratio:3\/4;object-fit:cover\" srcset=\"https:\/\/www.campingducolombier.com\/wp-content\/uploads\/2026\/01\/Centre-de-tri.webp 1920w, https:\/\/www.campingducolombier.com\/wp-content\/uploads\/2026\/01\/Centre-de-tri-300x165.webp 300w, https:\/\/www.campingducolombier.com\/wp-content\/uploads\/2026\/01\/Centre-de-tri-1024x562.webp 1024w, https:\/\/www.campingducolombier.com\/wp-content\/uploads\/2026\/01\/Centre-de-tri-768x421.webp 768w, https:\/\/www.campingducolombier.com\/wp-content\/uploads\/2026\/01\/Centre-de-tri-100x56.webp 100w\" sizes=\"(max-width: 1920px) 100vw, 1920px\" \/><\/figure>\n<\/div>\n\n\n\n<div class=\"wp-block-column is-vertically-aligned-center hrz-responsive-col has-light-background-color has-background is-layout-flow wp-block-column-is-layout-flow\" style=\"border-top-left-radius:50px;border-top-right-radius:50px;border-bottom-left-radius:50px;border-bottom-right-radius:50px;padding-top:var(--wp--preset--spacing--xxxl);padding-right:var(--wp--preset--spacing--xxxl);padding-bottom:var(--wp--preset--spacing--xxxl);padding-left:var(--wp--preset--spacing--xxxl)\">\n<div class=\"wp-block-outermost-icon-block items-justified-left\"><div class=\"icon-container has-icon-color has-primary-color\" style=\"color:#28562A;width:120px;transform:rotate(0deg) scaleX(1) scaleY(1)\"><svg xmlns=\"http:\/\/www.w3.org\/2000\/svg\" width=\"126\" height=\"75\" viewbox=\"0 0 126 75\" fill=\"none\"><g clip-path=\"url(#clip0_2031_450)\"><path fill-rule=\"evenodd\" clip-rule=\"evenodd\" d=\"M24.3844 34.7686C15.8248 39.8132 7.68276 41.36 0 39.4091C14.781 61.7196 35.3379 64.437 61.6708 47.5752C48.4904 41.374 37.0777 40.6633 27.4325 45.457C40.4737 37.3467 57.3284 39.1861 77.9967 50.9754C62.1301 27.2714 44.2594 21.8784 24.3844 34.7826V34.7686Z\"><\/path><path fill-rule=\"evenodd\" clip-rule=\"evenodd\" d=\"M85.8603 18.8266C77.2172 13.9214 71.817 7.6505 69.6597 0C57.7598 23.9688 65.6792 43.1577 93.4317 57.553C92.207 43.0184 87.113 32.7759 78.1497 26.8116C91.6781 34.058 98.5258 49.5959 98.6649 73.4114C111.233 47.7982 106.96 29.5987 85.8603 18.8266Z\"><\/path><path fill-rule=\"evenodd\" clip-rule=\"evenodd\" d=\"M62.3945 65.2174C74.545 63.4198 80.6132 62.5279 80.6132 62.5279C77.7461 68.8128 72.0119 73.3278 65.2338 74.6238C58.4557 75.9337 51.4689 73.8713 46.4723 69.0915C49.1446 62.6812 54.6561 57.9153 61.3785 56.2013C68.087 54.4872 75.227 56.048 80.6272 60.3958C68.4767 63.6149 62.4084 65.2174 62.4084 65.2174H62.3945Z\"><\/path><path fill-rule=\"evenodd\" clip-rule=\"evenodd\" d=\"M47.0848 12.054C54.7118 21.6834 58.5254 26.505 58.5254 26.505C51.6499 27.1599 44.8857 24.4426 40.3623 19.2168C35.839 13.9911 34.1271 6.89797 35.7694 0.181132C42.6449 -0.710729 49.5343 1.68615 54.3639 6.66107C59.2074 11.622 61.4203 18.5897 60.3626 25.4459C51.5107 16.5273 47.0708 12.054 47.0708 12.054H47.0848Z\"><\/path><path fill-rule=\"evenodd\" clip-rule=\"evenodd\" d=\"M116.856 27.16C112.333 38.587 110.078 44.3005 110.078 44.3005C106.069 38.6706 105.039 31.4521 107.294 24.9164C109.563 18.3808 114.838 13.3501 121.463 11.4131C125.666 16.9315 127.044 24.0942 125.165 30.7832C123.286 37.4582 118.387 42.8652 111.915 45.3735C115.2 33.2358 116.856 27.16 116.856 27.16Z\"><\/path><\/g><defs><clippath id=\"clip0_2031_450\"><rect width=\"126\" height=\"75\" fill=\"white\"><\/rect><\/clippath><\/defs><\/svg><\/div><\/div>\n\n\n\n<div style=\"height:var(--wp--preset--spacing--m)\" aria-hidden=\"true\" class=\"wp-block-spacer\"><\/div>\n\n\n\n<p class=\"has-text-align-left is-style-top-title has-primary-color has-text-color has-link-color wp-elements-f99f1db31e89233826b781bb655b1b8f is-style-top-title--1\">\u00d6kotourismus<\/p>\n\n\n\n<h1 class=\"wp-block-heading\" style=\"margin-bottom:var(--wp--preset--spacing--xxl)\">In Puy de D\u00f4me<\/h1>\n\n\n\n<p style=\"margin-bottom:var(--wp--preset--spacing--xxl)\">In dieser eifers\u00fcchtig bewachten Oase des Friedens arbeiten wir an einer <strong>R\u00fcckkehr zur Natur<\/strong>, indem wir die Bestrebungen nach einem <strong>nachhaltigen Tourismus<\/strong> mit geringem CO2-Aussto\u00df und Respekt f\u00fcr die Umwelt ber\u00fccksichtigen.<\/p>\n\n\n\n<p style=\"margin-bottom:var(--wp--preset--spacing--xxl)\">Mit Hilfe der Region Auvergne Rh\u00f4ne-Alpes und des Syndicat Mixte d&#8217;am\u00e9nagement et de D\u00e9veloppement des Combrailles (SMADC) konnten wir die Einrichtungen des Campingplatzes <strong>modernisieren<\/strong>, indem wir einen Sanit\u00e4rblock komplett renoviert haben, <strong>30 Photovoltaikmodule<\/strong> installiert haben, um Ihren Stromverbrauch zu kompensieren, <strong>LED-Beleuchtung<\/strong> mit Sensor installiert haben, den <strong>Wasserdurchfluss<\/strong> optimiert haben und eine zentrale <strong>M\u00fclltrennung<\/strong> am Ausgang des Campingplatzes mit <strong>Komposter<\/strong> eingerichtet haben.<br\/><br\/>Unser Swimmingpool wird nur durch seine Solarkuppel beheizt, die nachts sauber und warm bleibt, so dass weniger Hygieneprodukte ben\u00f6tigt werden.<\/p>\n<\/div>\n<\/div>\n<\/div>\n\n<div style=\"height:var(--wp--preset--spacing--xxl)\" aria-hidden=\"true\" class=\"wp-block-spacer\"><\/div>\n\n<div class=\"wp-block-group alignfull hrz-galerie-3 has-global-padding is-layout-constrained wp-container-core-group-is-layout-a700ee33 wp-block-group-is-layout-constrained\" style=\"padding-top:0;padding-right:0;padding-bottom:0;padding-left:0\">\n<div class=\"wp-block-group has-global-padding is-layout-constrained wp-container-core-group-is-layout-41c22256 wp-block-group-is-layout-constrained\" style=\"padding-right:var(--wp--preset--spacing--l);padding-left:var(--wp--preset--spacing--l)\">\n<p class=\"has-text-align-center is-style-lab-p--subtitle is-style-top-title has-primary-color has-text-color has-link-color wp-elements-ffbbc20ccd9bbbdf38bc679283767a56 is-style-top-title--2\">Photovoltaische Paneele<\/p>\n\n\n\n<p class=\"has-text-align-center is-style-lab-p--base has-text-alt-color has-text-color has-link-color wp-elements-0902b59c0661fb6be255b0559b480df7\" style=\"margin-top:var(--wp--preset--spacing--s);margin-bottom:var(--wp--preset--spacing--m)\">Von Juli 2021 bis Ende November 2023 <strong>Die Photovoltaikanlage <\/strong>sparte <strong>2 Tonnen CO2 ein<\/strong> und es<strong> wurden 6,5 B\u00e4ume gepflanzt<\/strong>. <\/p>\n\n\n\n<p class=\"has-text-align-center\">Wir haben uns entschieden, uns nicht bei (30) verschiedenen <strong>Labels<\/strong> anzumelden, die viel Geld kosten und <strong>ohne Ihren Beitrag nutzlos sind<\/strong> (unser Planet liefert uns nicht mehr genug Rohstoffe).<\/p>\n\n\n\n<p class=\"has-text-align-center\">Ein verantwortungsbewussterer Tourismus tr\u00e4gt dazu bei, die Biodiversit\u00e4t zu erhalten und den Energieverbrauch zu senken.<\/p>\n\n\n\n<p class=\"has-text-align-center\">In der N\u00e4he des Campingplatzes (2 km) f\u00fchren <strong>Wanderwege<\/strong> in das <a href=\"https:\/\/cen-auvergne.fr\/sites-et-milieux-naturels\/marais-de-l-etang-de-grandville\" target=\"_blank\" rel=\"noreferrer noopener\">Sumpfgebiet von Grandville<\/a>, zwischen zwei Teichen, wo Arbeiten durchgef\u00fchrt wurden, um den Bestand der <strong>Schottischen Hochlandrinder<\/strong> zu sichern, die R\u00fcckkehr der <strong>Sumpfschnepfe<\/strong> zu f\u00f6rdern und die <strong>Artenvielfalt <\/strong>zu erhalten. Es wurde ein Bereich f\u00fcr die Vogelbeobachtung eingerichtet. <\/p>\n<\/div>\n<\/div>\n\n<div style=\"height:var(--wp--preset--spacing--xxl)\" aria-hidden=\"true\" class=\"wp-block-spacer\"><\/div>\n\n<div class=\"wp-block-group alignwide hrz-galerie-2 swiper is-layout-flow wp-block-group-is-layout-flow\" style=\"padding-top:var(--wp--preset--spacing--xs);padding-right:var(--wp--preset--spacing--xs);padding-bottom:var(--wp--preset--spacing--xs);padding-left:var(--wp--preset--spacing--xs)\">\n<div class=\"wp-block-group alignwide swiper-wrapper is-layout-flow wp-block-group-is-layout-flow\">\n<figure class=\"wp-block-image size-large swiper-slide\"><a href=\"https:\/\/www.campingducolombier.com\/wp-content\/uploads\/2026\/01\/composteur-et-container.webp\" rel=\"mosaique\"><img alt=\"\" decoding=\"async\" width=\"1024\" height=\"596\" src=\"https:\/\/www.campingducolombier.com\/wp-content\/uploads\/2026\/01\/composteur-et-container-1024x596.webp\" alt=\"\" class=\"wp-image-852\" style=\"aspect-ratio:16\/9;object-fit:cover\" srcset=\"https:\/\/www.campingducolombier.com\/wp-content\/uploads\/2026\/01\/composteur-et-container-1024x596.webp 1024w, https:\/\/www.campingducolombier.com\/wp-content\/uploads\/2026\/01\/composteur-et-container-300x175.webp 300w, https:\/\/www.campingducolombier.com\/wp-content\/uploads\/2026\/01\/composteur-et-container-768x447.webp 768w, https:\/\/www.campingducolombier.com\/wp-content\/uploads\/2026\/01\/composteur-et-container.webp 1920w\" sizes=\"(max-width: 1024px) 100vw, 1024px\" \/><\/a><\/figure>\n\n\n\n<figure class=\"wp-block-image size-full swiper-slide\"><a href=\"https:\/\/www.campingducolombier.com\/wp-content\/uploads\/2026\/01\/Centre-de-tri.webp\" rel=\"mosaique\"><img alt=\"\" decoding=\"async\" width=\"1920\" height=\"1053\" src=\"https:\/\/www.campingducolombier.com\/wp-content\/uploads\/2026\/01\/Centre-de-tri.webp\" alt=\"\" class=\"wp-image-848\" style=\"aspect-ratio:3\/4;object-fit:cover\" srcset=\"https:\/\/www.campingducolombier.com\/wp-content\/uploads\/2026\/01\/Centre-de-tri.webp 1920w, https:\/\/www.campingducolombier.com\/wp-content\/uploads\/2026\/01\/Centre-de-tri-300x165.webp 300w, https:\/\/www.campingducolombier.com\/wp-content\/uploads\/2026\/01\/Centre-de-tri-1024x562.webp 1024w, https:\/\/www.campingducolombier.com\/wp-content\/uploads\/2026\/01\/Centre-de-tri-768x421.webp 768w, https:\/\/www.campingducolombier.com\/wp-content\/uploads\/2026\/01\/Centre-de-tri-100x56.webp 100w\" sizes=\"(max-width: 1920px) 100vw, 1920px\" \/><\/a><\/figure>\n\n\n\n<figure class=\"wp-block-image size-full swiper-slide\"><a href=\"https:\/\/www.campingducolombier.com\/wp-content\/uploads\/2026\/01\/poubelle_recyclage.webp\" rel=\"hrz-galerie-2\"><img alt=\"\" decoding=\"async\" width=\"666\" height=\"500\" src=\"https:\/\/www.campingducolombier.com\/wp-content\/uploads\/2026\/01\/poubelle_recyclage.webp\" alt=\"\" class=\"wp-image-844\" style=\"aspect-ratio:4\/3;object-fit:cover\" srcset=\"https:\/\/www.campingducolombier.com\/wp-content\/uploads\/2026\/01\/poubelle_recyclage.webp 666w, https:\/\/www.campingducolombier.com\/wp-content\/uploads\/2026\/01\/poubelle_recyclage-300x225.webp 300w, https:\/\/www.campingducolombier.com\/wp-content\/uploads\/2026\/01\/poubelle_recyclage-320x240.webp 320w, https:\/\/www.campingducolombier.com\/wp-content\/uploads\/2026\/01\/poubelle_recyclage-160x120.webp 160w\" sizes=\"(max-width: 666px) 100vw, 666px\" \/><\/a><\/figure>\n\n\n\n<figure class=\"wp-block-image size-full swiper-slide\"><a href=\"https:\/\/www.campingducolombier.com\/wp-content\/uploads\/2026\/01\/panneaux-photovoltaiques.webp\" rel=\"mosaique\"><img alt=\"\" decoding=\"async\" width=\"1110\" height=\"499\" src=\"https:\/\/www.campingducolombier.com\/wp-content\/uploads\/2026\/01\/panneaux-photovoltaiques.webp\" alt=\"\" class=\"wp-image-840\" style=\"aspect-ratio:3\/2;object-fit:cover\" srcset=\"https:\/\/www.campingducolombier.com\/wp-content\/uploads\/2026\/01\/panneaux-photovoltaiques.webp 1110w, https:\/\/www.campingducolombier.com\/wp-content\/uploads\/2026\/01\/panneaux-photovoltaiques-300x135.webp 300w, https:\/\/www.campingducolombier.com\/wp-content\/uploads\/2026\/01\/panneaux-photovoltaiques-1024x460.webp 1024w, https:\/\/www.campingducolombier.com\/wp-content\/uploads\/2026\/01\/panneaux-photovoltaiques-768x345.webp 768w\" sizes=\"(max-width: 1110px) 100vw, 1110px\" \/><\/a><\/figure>\n\n\n\n<figure class=\"wp-block-image size-full swiper-slide\"><a href=\"https:\/\/www.campingducolombier.com\/wp-content\/uploads\/2026\/01\/observatoire_marais_grandville_loubeyrat.webp\" rel=\"mosaique\"><img alt=\"\" decoding=\"async\" width=\"666\" height=\"499\" src=\"https:\/\/www.campingducolombier.com\/wp-content\/uploads\/2026\/01\/observatoire_marais_grandville_loubeyrat.webp\" alt=\"\" class=\"wp-image-867\" style=\"aspect-ratio:3\/4;object-fit:cover\" srcset=\"https:\/\/www.campingducolombier.com\/wp-content\/uploads\/2026\/01\/observatoire_marais_grandville_loubeyrat.webp 666w, https:\/\/www.campingducolombier.com\/wp-content\/uploads\/2026\/01\/observatoire_marais_grandville_loubeyrat-300x225.webp 300w, https:\/\/www.campingducolombier.com\/wp-content\/uploads\/2026\/01\/observatoire_marais_grandville_loubeyrat-320x240.webp 320w, https:\/\/www.campingducolombier.com\/wp-content\/uploads\/2026\/01\/observatoire_marais_grandville_loubeyrat-160x120.webp 160w\" sizes=\"(max-width: 666px) 100vw, 666px\" \/><\/a><\/figure>\n<\/div>\n\n\n\n<div class=\"wp-block-group is-relative is-content-justification-left is-nowrap is-layout-flex wp-container-core-group-is-layout-03554c85 wp-block-group-is-layout-flex\" style=\"padding-top:var(--wp--preset--spacing--m);padding-left:0\">\n<div class=\"wp-block-group hrz-galerie-2-pagination hrz-slider-dots has-global-padding is-content-justification-center is-layout-constrained wp-block-group-is-layout-constrained\" style=\"border-radius:8px\"><\/div>\n<\/div>\n<\/div>\n\n<div style=\"height:var(--wp--preset--spacing--xxxxl)\" aria-hidden=\"true\" class=\"wp-block-spacer\"><\/div>\n","protected":false},"excerpt":{"rendered":"<p>\u00d6kotourismus In Puy de D\u00f4me In dieser eifers\u00fcchtig bewachten Oase des Friedens arbeiten wir an einer R\u00fcckkehr zur Natur, indem wir die Bestrebungen nach einem nachhaltigen Tourismus mit geringem CO2-Aussto\u00df und Respekt f\u00fcr die Umwelt ber\u00fccksichtigen. Mit Hilfe der Region Auvergne Rh\u00f4ne-Alpes und des Syndicat Mixte d&#8217;am\u00e9nagement et de D\u00e9veloppement des Combrailles (SMADC) konnten wir [&hellip;]<\/p>\n","protected":false},"author":1,"featured_media":0,"parent":0,"menu_order":0,"comment_status":"closed","ping_status":"closed","template":"page-no-title","meta":{"_acf_changed":false,"_seopress_robots_primary_cat":"","_seopress_titles_title":"\u00d6kotourismus Puy-de-D\u00f4me | \u00d6kologischer und nachhaltiger Campingplatz in Volvic","_seopress_titles_desc":"Ein konkretes Engagement! Sonnenkollektoren, beheizter Pool in der N\u00e4he des Marais de Grandville. Erleben Sie eine R\u00fcckkehr zur Natur in der N\u00e4he der Vulkane.  ","_seopress_robots_index":"","footnotes":""},"class_list":["post-1779","page","type-page","status-publish","hentry"],"acf":[],"_links":{"self":[{"href":"https:\/\/www.campingducolombier.com\/de\/wp-json\/wp\/v2\/pages\/1779","targetHints":{"allow":["GET"]}}],"collection":[{"href":"https:\/\/www.campingducolombier.com\/de\/wp-json\/wp\/v2\/pages"}],"about":[{"href":"https:\/\/www.campingducolombier.com\/de\/wp-json\/wp\/v2\/types\/page"}],"author":[{"embeddable":true,"href":"https:\/\/www.campingducolombier.com\/de\/wp-json\/wp\/v2\/users\/1"}],"replies":[{"embeddable":true,"href":"https:\/\/www.campingducolombier.com\/de\/wp-json\/wp\/v2\/comments?post=1779"}],"version-history":[{"count":1,"href":"https:\/\/www.campingducolombier.com\/de\/wp-json\/wp\/v2\/pages\/1779\/revisions"}],"predecessor-version":[{"id":1781,"href":"https:\/\/www.campingducolombier.com\/de\/wp-json\/wp\/v2\/pages\/1779\/revisions\/1781"}],"wp:attachment":[{"href":"https:\/\/www.campingducolombier.com\/de\/wp-json\/wp\/v2\/media?parent=1779"}],"curies":[{"name":"wp","href":"https:\/\/api.w.org\/{rel}","templated":true}]}}