{"id":1765,"date":"2026-01-12T11:14:58","date_gmt":"2026-01-12T10:14:58","guid":{"rendered":"https:\/\/www.campingducolombier.com\/tourismus-in-der-auvergne\/"},"modified":"2026-01-30T12:18:33","modified_gmt":"2026-01-30T11:18:33","slug":"tourismus-in-der-auvergne","status":"publish","type":"page","link":"https:\/\/www.campingducolombier.com\/de\/tourismus-in-der-auvergne\/","title":{"rendered":"Tourismus in der Auvergne"},"content":{"rendered":"\n<div class=\"wp-block-group alignfull hrz-hero-4 swiper swiper-slider-6-colombier is-layout-flow wp-block-group-is-layout-flow\" style=\"margin-top:0;margin-bottom:0;padding-top:0;padding-right:0;padding-bottom:0;padding-left:0\">\n<div class=\"wp-block-group hrz-hero-4-content is-layout-flow wp-block-group-is-layout-flow\"><div class=\"aligncenter wp-block-site-logo\"><a href=\"https:\/\/www.campingducolombier.com\/de\/\" class=\"custom-logo-link\" rel=\"home\"><img decoding=\"async\" width=\"150\" height=\"50\" src=\"https:\/\/www.campingducolombier.com\/wp-content\/uploads\/2026\/01\/logo.png\" class=\"custom-logo\" alt=\"Le Camping du Colombier\" srcset=\"https:\/\/www.campingducolombier.com\/wp-content\/uploads\/2026\/01\/logo.png 408w, https:\/\/www.campingducolombier.com\/wp-content\/uploads\/2026\/01\/logo-300x101.png 300w, https:\/\/www.campingducolombier.com\/wp-content\/uploads\/2026\/01\/logo-400x137.png 400w\" sizes=\"(max-width: 150px) 100vw, 150px\" \/><\/a><\/div>\n\n\n<div class=\"wp-block-group is-relative is-content-justification-left is-nowrap is-layout-flex wp-container-core-group-is-layout-03554c85 wp-block-group-is-layout-flex\" style=\"padding-top:var(--wp--preset--spacing--m);padding-left:0\">\n<div class=\"wp-block-group hrz-slider-6-pagination hrz-slider-dots has-global-padding is-content-justification-center is-layout-constrained wp-block-group-is-layout-constrained\" style=\"border-radius:8px\"><\/div>\n<\/div>\n<\/div>\n\n\n\n<div class=\"wp-block-group swiper-wrapper is-nowrap is-layout-flex wp-container-core-group-is-layout-879c0eda wp-block-group-is-layout-flex\" style=\"margin-top:0;margin-bottom:0;padding-top:0;padding-right:0;padding-bottom:0;padding-left:0\">\n<div class=\"wp-block-group swiper-slide has-global-padding is-layout-constrained wp-block-group-is-layout-constrained\">\n<figure class=\"wp-block-image alignfull size-full\" style=\"margin-top:0;margin-right:0;margin-bottom:0;margin-left:0\"><img alt=\"\" decoding=\"async\" width=\"2000\" height=\"1328\" src=\"https:\/\/www.campingducolombier.com\/wp-content\/uploads\/2025\/12\/region-auvergne-3.webp\" alt=\"\" class=\"wp-image-138\" srcset=\"https:\/\/www.campingducolombier.com\/wp-content\/uploads\/2025\/12\/region-auvergne-3.webp 2000w, https:\/\/www.campingducolombier.com\/wp-content\/uploads\/2025\/12\/region-auvergne-3-300x199.webp 300w, https:\/\/www.campingducolombier.com\/wp-content\/uploads\/2025\/12\/region-auvergne-3-1024x680.webp 1024w, https:\/\/www.campingducolombier.com\/wp-content\/uploads\/2025\/12\/region-auvergne-3-768x510.webp 768w, https:\/\/www.campingducolombier.com\/wp-content\/uploads\/2025\/12\/region-auvergne-3-480x320.webp 480w, https:\/\/www.campingducolombier.com\/wp-content\/uploads\/2025\/12\/region-auvergne-3-240x160.webp 240w, https:\/\/www.campingducolombier.com\/wp-content\/uploads\/2025\/12\/region-auvergne-3-120x80.webp 120w\" sizes=\"(max-width: 2000px) 100vw, 2000px\" \/><\/figure>\n<\/div>\n<\/div>\n<\/div>\n\n<div class=\"wp-block-group alignfull is-style-background-img-groupe-wave-white has-primary-gradient-gradient-background has-background has-global-padding is-layout-constrained wp-block-group-is-layout-constrained\"><div style=\"padding-top:var(--wp--preset--spacing--xl);padding-bottom:var(--wp--preset--spacing--xl);\" class=\"wp-block-wpseopress-breadcrumbs\"><nav  aria-label=\"Brotkrumen\"><ol class=\"breadcrumb\" itemscope itemtype=\"https:\/\/schema.org\/BreadcrumbList\"><li class=\"breadcrumb-item active\" aria-current=\"page\" itemprop=\"itemListElement\" itemscope itemtype=\"https:\/\/schema.org\/ListItem\"><span itemprop=\"name\">Camping \u00e0 Volvic<\/span><meta itemprop=\"position\" content=\"1\"><\/li><\/ol><\/nav><\/div>\n\n\n<div style=\"height:var(--wp--preset--spacing--xxxxl)\" aria-hidden=\"true\" class=\"wp-block-spacer\"><\/div>\n\n\n\n<div class=\"wp-block-columns alignwide are-vertically-aligned-center hrz-responsive-col hrz-reponsive-order is-style-hrz-reponsive-order is-layout-flex wp-container-core-columns-is-layout-3f562962 wp-block-columns-is-layout-flex\" style=\"margin-top:0;margin-bottom:0;padding-top:0;padding-right:var(--wp--preset--spacing--xxl);padding-bottom:0;padding-left:var(--wp--preset--spacing--xxl)\">\n<div class=\"wp-block-column is-vertically-aligned-center is-layout-flow wp-block-column-is-layout-flow\">\n<figure class=\"wp-block-image size-full\"><img alt=\"\" decoding=\"async\" width=\"810\" height=\"1080\" src=\"https:\/\/www.campingducolombier.com\/wp-content\/uploads\/2026\/01\/chaine-des-puys.webp\" alt=\"\" class=\"wp-image-1039\" style=\"aspect-ratio:3\/4;object-fit:cover\" srcset=\"https:\/\/www.campingducolombier.com\/wp-content\/uploads\/2026\/01\/chaine-des-puys.webp 810w, https:\/\/www.campingducolombier.com\/wp-content\/uploads\/2026\/01\/chaine-des-puys-225x300.webp 225w, https:\/\/www.campingducolombier.com\/wp-content\/uploads\/2026\/01\/chaine-des-puys-768x1024.webp 768w, https:\/\/www.campingducolombier.com\/wp-content\/uploads\/2026\/01\/chaine-des-puys-600x800.webp 600w, https:\/\/www.campingducolombier.com\/wp-content\/uploads\/2026\/01\/chaine-des-puys-375x500.webp 375w, https:\/\/www.campingducolombier.com\/wp-content\/uploads\/2026\/01\/chaine-des-puys-133x177.webp 133w\" sizes=\"(max-width: 810px) 100vw, 810px\" \/><\/figure>\n<\/div>\n\n\n\n<div class=\"wp-block-column is-vertically-aligned-center hrz-responsive-col has-light-background-color has-background is-layout-flow wp-block-column-is-layout-flow\" style=\"border-top-left-radius:50px;border-top-right-radius:50px;border-bottom-left-radius:50px;border-bottom-right-radius:50px;padding-top:var(--wp--preset--spacing--xxxl);padding-right:var(--wp--preset--spacing--xxxl);padding-bottom:var(--wp--preset--spacing--xxxl);padding-left:var(--wp--preset--spacing--xxxl)\">\n<div class=\"wp-block-outermost-icon-block items-justified-left\"><div class=\"icon-container has-icon-color has-primary-color\" style=\"color:#28562A;width:120px;transform:rotate(0deg) scaleX(1) scaleY(1)\"><svg xmlns=\"http:\/\/www.w3.org\/2000\/svg\" width=\"126\" height=\"75\" viewbox=\"0 0 126 75\" fill=\"none\"><g clip-path=\"url(#clip0_2031_450)\"><path fill-rule=\"evenodd\" clip-rule=\"evenodd\" d=\"M24.3844 34.7686C15.8248 39.8132 7.68276 41.36 0 39.4091C14.781 61.7196 35.3379 64.437 61.6708 47.5752C48.4904 41.374 37.0777 40.6633 27.4325 45.457C40.4737 37.3467 57.3284 39.1861 77.9967 50.9754C62.1301 27.2714 44.2594 21.8784 24.3844 34.7826V34.7686Z\"><\/path><path fill-rule=\"evenodd\" clip-rule=\"evenodd\" d=\"M85.8603 18.8266C77.2172 13.9214 71.817 7.6505 69.6597 0C57.7598 23.9688 65.6792 43.1577 93.4317 57.553C92.207 43.0184 87.113 32.7759 78.1497 26.8116C91.6781 34.058 98.5258 49.5959 98.6649 73.4114C111.233 47.7982 106.96 29.5987 85.8603 18.8266Z\"><\/path><path fill-rule=\"evenodd\" clip-rule=\"evenodd\" d=\"M62.3945 65.2174C74.545 63.4198 80.6132 62.5279 80.6132 62.5279C77.7461 68.8128 72.0119 73.3278 65.2338 74.6238C58.4557 75.9337 51.4689 73.8713 46.4723 69.0915C49.1446 62.6812 54.6561 57.9153 61.3785 56.2013C68.087 54.4872 75.227 56.048 80.6272 60.3958C68.4767 63.6149 62.4084 65.2174 62.4084 65.2174H62.3945Z\"><\/path><path fill-rule=\"evenodd\" clip-rule=\"evenodd\" d=\"M47.0848 12.054C54.7118 21.6834 58.5254 26.505 58.5254 26.505C51.6499 27.1599 44.8857 24.4426 40.3623 19.2168C35.839 13.9911 34.1271 6.89797 35.7694 0.181132C42.6449 -0.710729 49.5343 1.68615 54.3639 6.66107C59.2074 11.622 61.4203 18.5897 60.3626 25.4459C51.5107 16.5273 47.0708 12.054 47.0708 12.054H47.0848Z\"><\/path><path fill-rule=\"evenodd\" clip-rule=\"evenodd\" d=\"M116.856 27.16C112.333 38.587 110.078 44.3005 110.078 44.3005C106.069 38.6706 105.039 31.4521 107.294 24.9164C109.563 18.3808 114.838 13.3501 121.463 11.4131C125.666 16.9315 127.044 24.0942 125.165 30.7832C123.286 37.4582 118.387 42.8652 111.915 45.3735C115.2 33.2358 116.856 27.16 116.856 27.16Z\"><\/path><\/g><defs><clippath id=\"clip0_2031_450\"><rect width=\"126\" height=\"75\" fill=\"white\"><\/rect><\/clippath><\/defs><\/svg><\/div><\/div>\n\n\n\n<div style=\"height:var(--wp--preset--spacing--m)\" aria-hidden=\"true\" class=\"wp-block-spacer\"><\/div>\n\n\n\n<p class=\"has-text-align-left is-style-top-title has-primary-color has-text-color has-link-color wp-elements-a7f832ad66c9cb0b6b3c8785760e4058 is-style-top-title--1\"><strong>Tourismus<\/strong><\/p>\n\n\n\n<h1 class=\"wp-block-heading\" style=\"margin-bottom:var(--wp--preset--spacing--xxl)\"><strong>in der Auvergne<\/strong><\/h1>\n\n\n\n<p style=\"margin-bottom:var(--wp--preset--spacing--xxl)\"><strong>Puy de D\u00f4me<\/strong> ist eine historische Hochburg mit vielen pr\u00e4chtigen <strong>Schl\u00f6ssern<\/strong> (Chazeron, Chateaugay, Veygoux, Tourno\u00ebl, Dauphin, Blot Rocher, Murol).<br\/>Die St\u00e4dte <strong>Riom<\/strong> und <strong>Clermont-Ferrand<\/strong> sind reich an Museen und alten Steinen, die Sie beim Bummeln durch die Gassen entdecken k\u00f6nnen. Verpassen Sie nicht das Michelin-Museum. <\/p>\n\n\n\n<p style=\"margin-bottom:var(--wp--preset--spacing--xxl)\">Geologisch gesehen ist es ein Paradies! Die Grotte de Pierre in <strong>Volvic<\/strong>, der Vergn\u00fcgungspark <strong>Vulcania<\/strong>, der Freiluftvulkan <strong>Lempt\u00e9gy<\/strong>, <strong>der Gour de Tazenat<\/strong>, die versteinernden Brunnen von <strong>St. Nectaire<\/strong>, der <strong>Panoramazug von Puy de D\u00f4me<\/strong> und die <strong>80<\/strong> umliegenden <strong>Vulkane<\/strong> der <strong>Puy-Kette im regionalen Naturpark der Vulkane der Auvergne<\/strong>. Auch das Wasser ist sehr ber\u00fchmt: <strong>Volvic<\/strong> mit seinen Quellen (die Fabrik kann besichtigt werden) und <strong>Rosana<\/strong>.  <\/p>\n<\/div>\n<\/div>\n<\/div>\n\n<div style=\"height:var(--wp--preset--spacing--xxxl)\" aria-hidden=\"true\" class=\"wp-block-spacer\"><\/div>\n\n<div class=\"wp-block-group alignfull hrz-galerie-1 has-global-padding is-layout-constrained wp-block-group-is-layout-constrained\">\n<div class=\"wp-block-cover alignfull hrz-galerie-1-cover\" style=\"padding-top:var(--wp--preset--spacing--xxxxxl);padding-right:var(--wp--preset--spacing--xxxxxl);padding-bottom:var(--wp--preset--spacing--xxxxxl);padding-left:var(--wp--preset--spacing--xxxxxl)\"><img alt=\"\" decoding=\"async\" width=\"2000\" height=\"1328\" class=\"wp-block-cover__image-background wp-image-138 size-full\" alt=\"\" src=\"https:\/\/www.campingducolombier.com\/wp-content\/uploads\/2025\/12\/region-auvergne-3.webp\" data-object-fit=\"cover\" srcset=\"https:\/\/www.campingducolombier.com\/wp-content\/uploads\/2025\/12\/region-auvergne-3.webp 2000w, https:\/\/www.campingducolombier.com\/wp-content\/uploads\/2025\/12\/region-auvergne-3-300x199.webp 300w, https:\/\/www.campingducolombier.com\/wp-content\/uploads\/2025\/12\/region-auvergne-3-1024x680.webp 1024w, https:\/\/www.campingducolombier.com\/wp-content\/uploads\/2025\/12\/region-auvergne-3-768x510.webp 768w, https:\/\/www.campingducolombier.com\/wp-content\/uploads\/2025\/12\/region-auvergne-3-480x320.webp 480w, https:\/\/www.campingducolombier.com\/wp-content\/uploads\/2025\/12\/region-auvergne-3-240x160.webp 240w, https:\/\/www.campingducolombier.com\/wp-content\/uploads\/2025\/12\/region-auvergne-3-120x80.webp 120w\" sizes=\"(max-width: 2000px) 100vw, 2000px\" \/><span aria-hidden=\"true\" class=\"wp-block-cover__background has-real-black-background-color has-background-dim-30 has-background-dim\"><\/span><div class=\"wp-block-cover__inner-container has-global-padding is-layout-constrained wp-container-core-cover-is-layout-143ab919 wp-block-cover-is-layout-constrained\">\n<p class=\"has-text-align-center has-real-white-color has-text-color has-link-color wp-elements-2d632832c1119ab295c1a54300cdc7b3\"><strong>Ch\u00e2tel-Guyon<\/strong> verf\u00fcgt wie alle Kurst\u00e4dte \u00fcber ein <strong>Kasino<\/strong> und ein sehr sch\u00f6nes <strong>Theater<\/strong> mit einem Plakat, das einem Pariser Theater w\u00fcrdig ist.<\/p>\n\n\n\n<p class=\"has-text-align-center\">Die wundersch\u00f6nen Stra\u00dfen der<strong>Auvergne<\/strong> sind ein Genuss f\u00fcr <strong>Motorradfahrer<\/strong>.<\/p>\n\n\n\n<p class=\"has-text-align-center\">Um sich von all diesen Aktivit\u00e4ten zu erholen, sollten Sie die <strong>typischen Gerichte<\/strong> der Auvergne probieren, wie Tr\u00fcffel, Kartoffelpastete, Eintopf, Kr\u00e4uteromelette, Wurstwaren und die unz\u00e4hligen k\u00f6stlichen K\u00e4sesorten (Cantal, St Nectaire, Gaperon, Bleu d&#8217;Auvergne). Dazu ein guter Wein aus der Auvergne (in Ma\u00dfen). <\/p>\n\n\n\n<p class=\"has-text-align-center\">Wir freuen uns, Sie f\u00fcr ein Wochenende oder Ihren n\u00e4chsten Urlaub in <strong>100% Natur<\/strong> begr\u00fc\u00dfen zu d\u00fcrfen.<\/p>\n\n\n\n<p class=\"has-text-align-center\"><a href=\"http:\/\/www.tourisme-combrailles.fr\">Office de tourisme <strong>des<\/strong> <\/a><strong><a href=\"https:\/\/www.combrailles-auvergne-tourisme.fr\" target=\"_blank\" rel=\"noreferrer noopener\">COMBRAILLES<\/a> &#8211;<\/strong> Video \u00fcber die Region <a href=\"https:\/\/www.youtube.com\/watch?v=o18eV-F5fM4\" target=\"_blank\" rel=\"noreferrer noopener\">100 Bonjour in den Combrailles<\/a><\/p>\n\n\n\n<p class=\"has-text-align-center has-real-white-color has-text-color has-link-color wp-elements-10e76063417428ae024299b6dac0e7dc\"><a href=\"https:\/\/www.terravolcana.com\/\">Fremdenverkehrsamt Terra Volcana RIOM; CHATEL GUYON und VOLVIC<\/a><\/p>\n\n\n\n<p class=\"has-text-align-center has-real-white-color has-text-color has-link-color wp-elements-fd7b307e58b22ea422b2da88f8f06998\"><a href=\"http:\/\/www.auvergne-tourisme.info\/departements\/puy-de-dome-249-1.html\" target=\"_blank\" rel=\"noreferrer noopener\">www.auvergne-tourisme.info\/departements<\/a> &#8211; <a href=\"https:\/\/objectif-auvergne.fr\/\" target=\"_blank\" rel=\"noreferrer noopener\">Besuchen Sie die unumg\u00e4nglichen Sehensw\u00fcrdigkeiten in Puy-de-D\u00f4me<\/a><\/p>\n\n\n\n<p class=\"has-text-align-center\"><a href=\"http:\/\/www.planetepuydedome.com\/destination-volcans\/randonnee-dans-le-puy-de-dome\/toutes-les-randonnees-pedestres-664-1.html\">Wandern im Puy de D\u00f4me<\/a><\/p>\n\n\n\n<p class=\"has-text-align-center has-real-white-color has-text-color has-link-color wp-elements-42b8abc349e267d3a9a7ba2d3b6cf7dc\">Die <strong>Wander-App<\/strong> f\u00fcr <strong>Combrailles<\/strong> wurde gerade ver\u00f6ffentlicht und bietet Ihnen 100% nat\u00fcrliche Wanderungen. <a href=\"https:\/\/play.google.com\/store\/apps\/details?id=com.otcombrailles.baladescombrailles&amp;hl=fr&amp;fbclid=IwAR3g0ODdWvni-HdMONje-hM8KD6ZbDmsCXdE1qTzxTjQhiz0vTP2eMzv8zs%20\" target=\"_blank\" rel=\"noreferrer noopener\">Verf\u00fcgbar hier<\/a><\/p>\n<\/div><\/div>\n<\/div>\n\n<div class=\"wp-block-group alignfull has-global-padding is-layout-constrained wp-container-core-group-is-layout-79ca9124 wp-block-group-is-layout-constrained\">\n<script src=\"https:\/\/widgets.apidae-tourisme.com\/widget\/255.js\" async=\"\"><\/script>\n<div id=\"widgit\"><\/div>\n<\/div>\n","protected":false},"excerpt":{"rendered":"<p>Tourismus in der Auvergne Puy de D\u00f4me ist eine historische Hochburg mit vielen pr\u00e4chtigen Schl\u00f6ssern (Chazeron, Chateaugay, Veygoux, Tourno\u00ebl, Dauphin, Blot Rocher, Murol).Die St\u00e4dte Riom und Clermont-Ferrand sind reich an Museen und alten Steinen, die Sie beim Bummeln durch die Gassen entdecken k\u00f6nnen. Verpassen Sie nicht das Michelin-Museum. Geologisch gesehen ist es ein Paradies! Die [&hellip;]<\/p>\n","protected":false},"author":1,"featured_media":0,"parent":0,"menu_order":0,"comment_status":"closed","ping_status":"closed","template":"page-no-title","meta":{"_acf_changed":false,"_seopress_robots_primary_cat":"","_seopress_titles_title":"Tourismus Auvergne | Was kann man auf einem Campingplatz in der Auvergne (63) unternehmen?","_seopress_titles_desc":"Planen Sie Ihren perfekten Urlaub in der Auvergne auf dem Camping du Colombier. Aktivit\u00e4ten, Besichtigungen und Entspannung in der N\u00e4he unseres Campingplatzes im Departement Puy-de-D\u00f4me. ","_seopress_robots_index":"","footnotes":""},"class_list":["post-1765","page","type-page","status-publish","hentry"],"acf":[],"_links":{"self":[{"href":"https:\/\/www.campingducolombier.com\/de\/wp-json\/wp\/v2\/pages\/1765","targetHints":{"allow":["GET"]}}],"collection":[{"href":"https:\/\/www.campingducolombier.com\/de\/wp-json\/wp\/v2\/pages"}],"about":[{"href":"https:\/\/www.campingducolombier.com\/de\/wp-json\/wp\/v2\/types\/page"}],"author":[{"embeddable":true,"href":"https:\/\/www.campingducolombier.com\/de\/wp-json\/wp\/v2\/users\/1"}],"replies":[{"embeddable":true,"href":"https:\/\/www.campingducolombier.com\/de\/wp-json\/wp\/v2\/comments?post=1765"}],"version-history":[{"count":1,"href":"https:\/\/www.campingducolombier.com\/de\/wp-json\/wp\/v2\/pages\/1765\/revisions"}],"predecessor-version":[{"id":1766,"href":"https:\/\/www.campingducolombier.com\/de\/wp-json\/wp\/v2\/pages\/1765\/revisions\/1766"}],"wp:attachment":[{"href":"https:\/\/www.campingducolombier.com\/de\/wp-json\/wp\/v2\/media?parent=1765"}],"curies":[{"name":"wp","href":"https:\/\/api.w.org\/{rel}","templated":true}]}}