{"id":1751,"date":"2025-12-19T09:43:55","date_gmt":"2025-12-19T08:43:55","guid":{"rendered":"https:\/\/www.campingducolombier.com\/dienste\/"},"modified":"2026-01-30T12:18:10","modified_gmt":"2026-01-30T11:18:10","slug":"dienste","status":"publish","type":"page","link":"https:\/\/www.campingducolombier.com\/de\/dienste\/","title":{"rendered":"Dienste"},"content":{"rendered":"\n<div class=\"wp-block-group alignfull hrz-hero-4 swiper swiper-slider-6-colombier is-layout-flow wp-block-group-is-layout-flow\" style=\"margin-top:0;margin-bottom:0;padding-top:0;padding-right:0;padding-bottom:0;padding-left:0\">\n<div class=\"wp-block-group hrz-hero-4-content is-layout-flow wp-block-group-is-layout-flow\"><div class=\"aligncenter wp-block-site-logo\"><a href=\"https:\/\/www.campingducolombier.com\/de\/\" class=\"custom-logo-link\" rel=\"home\"><img decoding=\"async\" width=\"150\" height=\"50\" src=\"https:\/\/www.campingducolombier.com\/wp-content\/uploads\/2026\/01\/logo.png\" class=\"custom-logo\" alt=\"Le Camping du Colombier\" srcset=\"https:\/\/www.campingducolombier.com\/wp-content\/uploads\/2026\/01\/logo.png 408w, https:\/\/www.campingducolombier.com\/wp-content\/uploads\/2026\/01\/logo-300x101.png 300w, https:\/\/www.campingducolombier.com\/wp-content\/uploads\/2026\/01\/logo-400x137.png 400w\" sizes=\"(max-width: 150px) 100vw, 150px\" \/><\/a><\/div>\n\n\n<div class=\"wp-block-group is-relative is-content-justification-left is-nowrap is-layout-flex wp-container-core-group-is-layout-03554c85 wp-block-group-is-layout-flex\" style=\"padding-top:var(--wp--preset--spacing--m);padding-left:0\">\n<div class=\"wp-block-group hrz-slider-6-pagination hrz-slider-dots has-global-padding is-content-justification-center is-layout-constrained wp-block-group-is-layout-constrained\" style=\"border-radius:8px\"><\/div>\n<\/div>\n<\/div>\n\n\n\n<div class=\"wp-block-group swiper-wrapper is-nowrap is-layout-flex wp-container-core-group-is-layout-879c0eda wp-block-group-is-layout-flex\" style=\"margin-top:0;margin-bottom:0;padding-top:0;padding-right:0;padding-bottom:0;padding-left:0\">\n<div class=\"wp-block-group swiper-slide has-global-padding is-layout-constrained wp-block-group-is-layout-constrained\">\n<figure class=\"wp-block-image alignfull size-full\" style=\"margin-top:0;margin-right:0;margin-bottom:0;margin-left:0\"><img alt=\"\" decoding=\"async\" width=\"2560\" height=\"1510\" src=\"https:\/\/www.campingducolombier.com\/wp-content\/uploads\/2026\/01\/snack-camping-scaled.webp\" alt=\"\" class=\"wp-image-773\" srcset=\"https:\/\/www.campingducolombier.com\/wp-content\/uploads\/2026\/01\/snack-camping-scaled.webp 2560w, https:\/\/www.campingducolombier.com\/wp-content\/uploads\/2026\/01\/snack-camping-300x177.webp 300w, https:\/\/www.campingducolombier.com\/wp-content\/uploads\/2026\/01\/snack-camping-1024x604.webp 1024w, https:\/\/www.campingducolombier.com\/wp-content\/uploads\/2026\/01\/snack-camping-768x453.webp 768w\" sizes=\"(max-width: 2560px) 100vw, 2560px\" \/><\/figure>\n<\/div>\n<\/div>\n<\/div>\n\n<div class=\"wp-block-group alignfull is-style-background-img-groupe-wave-white has-primary-gradient-gradient-background has-background has-global-padding is-layout-constrained wp-block-group-is-layout-constrained\"><div style=\"padding-top:var(--wp--preset--spacing--xl);padding-bottom:var(--wp--preset--spacing--xl);\" class=\"wp-block-wpseopress-breadcrumbs\"><nav  aria-label=\"Brotkrumen\"><ol class=\"breadcrumb\" itemscope itemtype=\"https:\/\/schema.org\/BreadcrumbList\"><li class=\"breadcrumb-item active\" aria-current=\"page\" itemprop=\"itemListElement\" itemscope itemtype=\"https:\/\/schema.org\/ListItem\"><span itemprop=\"name\">Camping \u00e0 Volvic<\/span><meta itemprop=\"position\" content=\"1\"><\/li><\/ol><\/nav><\/div>\n\n\n<div style=\"height:var(--wp--preset--spacing--xxxxl)\" aria-hidden=\"true\" class=\"wp-block-spacer\"><\/div>\n\n\n\n<div class=\"wp-block-columns alignwide are-vertically-aligned-center hrz-responsive-col hrz-reponsive-order is-style-hrz-reponsive-order is-layout-flex wp-container-core-columns-is-layout-3f562962 wp-block-columns-is-layout-flex\" style=\"margin-top:0;margin-bottom:0;padding-top:0;padding-right:var(--wp--preset--spacing--xxl);padding-bottom:0;padding-left:var(--wp--preset--spacing--xxl)\">\n<div class=\"wp-block-column is-vertically-aligned-center is-layout-flow wp-block-column-is-layout-flow\">\n<figure class=\"wp-block-image size-full\"><img alt=\"\" decoding=\"async\" width=\"1440\" height=\"1080\" src=\"https:\/\/www.campingducolombier.com\/wp-content\/uploads\/2026\/01\/accueil_snack_2020.webp\" alt=\"\" class=\"wp-image-802\" style=\"aspect-ratio:3\/4;object-fit:cover\" srcset=\"https:\/\/www.campingducolombier.com\/wp-content\/uploads\/2026\/01\/accueil_snack_2020.webp 1440w, https:\/\/www.campingducolombier.com\/wp-content\/uploads\/2026\/01\/accueil_snack_2020-300x225.webp 300w, https:\/\/www.campingducolombier.com\/wp-content\/uploads\/2026\/01\/accueil_snack_2020-1024x768.webp 1024w, https:\/\/www.campingducolombier.com\/wp-content\/uploads\/2026\/01\/accueil_snack_2020-768x576.webp 768w, https:\/\/www.campingducolombier.com\/wp-content\/uploads\/2026\/01\/accueil_snack_2020-720x540.webp 720w, https:\/\/www.campingducolombier.com\/wp-content\/uploads\/2026\/01\/accueil_snack_2020-320x240.webp 320w, https:\/\/www.campingducolombier.com\/wp-content\/uploads\/2026\/01\/accueil_snack_2020-160x120.webp 160w\" sizes=\"(max-width: 1440px) 100vw, 1440px\" \/><\/figure>\n<\/div>\n\n\n\n<div class=\"wp-block-column is-vertically-aligned-center hrz-responsive-col has-light-background-color has-background is-layout-flow wp-block-column-is-layout-flow\" style=\"border-top-left-radius:50px;border-top-right-radius:50px;border-bottom-left-radius:50px;border-bottom-right-radius:50px;padding-top:var(--wp--preset--spacing--xxxl);padding-right:var(--wp--preset--spacing--xxxl);padding-bottom:var(--wp--preset--spacing--xxxl);padding-left:var(--wp--preset--spacing--xxxl)\">\n<div class=\"wp-block-outermost-icon-block items-justified-left\"><div class=\"icon-container has-icon-color has-primary-color\" style=\"color:#28562A;width:120px;transform:rotate(0deg) scaleX(1) scaleY(1)\"><svg xmlns=\"http:\/\/www.w3.org\/2000\/svg\" width=\"126\" height=\"75\" viewbox=\"0 0 126 75\" fill=\"none\"><g clip-path=\"url(#clip0_2031_450)\"><path fill-rule=\"evenodd\" clip-rule=\"evenodd\" d=\"M24.3844 34.7686C15.8248 39.8132 7.68276 41.36 0 39.4091C14.781 61.7196 35.3379 64.437 61.6708 47.5752C48.4904 41.374 37.0777 40.6633 27.4325 45.457C40.4737 37.3467 57.3284 39.1861 77.9967 50.9754C62.1301 27.2714 44.2594 21.8784 24.3844 34.7826V34.7686Z\"><\/path><path fill-rule=\"evenodd\" clip-rule=\"evenodd\" d=\"M85.8603 18.8266C77.2172 13.9214 71.817 7.6505 69.6597 0C57.7598 23.9688 65.6792 43.1577 93.4317 57.553C92.207 43.0184 87.113 32.7759 78.1497 26.8116C91.6781 34.058 98.5258 49.5959 98.6649 73.4114C111.233 47.7982 106.96 29.5987 85.8603 18.8266Z\"><\/path><path fill-rule=\"evenodd\" clip-rule=\"evenodd\" d=\"M62.3945 65.2174C74.545 63.4198 80.6132 62.5279 80.6132 62.5279C77.7461 68.8128 72.0119 73.3278 65.2338 74.6238C58.4557 75.9337 51.4689 73.8713 46.4723 69.0915C49.1446 62.6812 54.6561 57.9153 61.3785 56.2013C68.087 54.4872 75.227 56.048 80.6272 60.3958C68.4767 63.6149 62.4084 65.2174 62.4084 65.2174H62.3945Z\"><\/path><path fill-rule=\"evenodd\" clip-rule=\"evenodd\" d=\"M47.0848 12.054C54.7118 21.6834 58.5254 26.505 58.5254 26.505C51.6499 27.1599 44.8857 24.4426 40.3623 19.2168C35.839 13.9911 34.1271 6.89797 35.7694 0.181132C42.6449 -0.710729 49.5343 1.68615 54.3639 6.66107C59.2074 11.622 61.4203 18.5897 60.3626 25.4459C51.5107 16.5273 47.0708 12.054 47.0708 12.054H47.0848Z\"><\/path><path fill-rule=\"evenodd\" clip-rule=\"evenodd\" d=\"M116.856 27.16C112.333 38.587 110.078 44.3005 110.078 44.3005C106.069 38.6706 105.039 31.4521 107.294 24.9164C109.563 18.3808 114.838 13.3501 121.463 11.4131C125.666 16.9315 127.044 24.0942 125.165 30.7832C123.286 37.4582 118.387 42.8652 111.915 45.3735C115.2 33.2358 116.856 27.16 116.856 27.16Z\"><\/path><\/g><defs><clippath id=\"clip0_2031_450\"><rect width=\"126\" height=\"75\" fill=\"white\"><\/rect><\/clippath><\/defs><\/svg><\/div><\/div>\n\n\n\n<div style=\"height:var(--wp--preset--spacing--m)\" aria-hidden=\"true\" class=\"wp-block-spacer\"><\/div>\n\n\n\n<p class=\"has-text-align-left is-style-top-title has-primary-color has-text-color has-link-color wp-elements-577bdb1adad57ca7a31c7f3eddd8728e is-style-top-title--1\">Die Dienstleistungen eines 3-Sterne-Campingplatzes<\/p>\n\n\n\n<h1 class=\"wp-block-heading\" style=\"margin-bottom:var(--wp--preset--spacing--xxl)\">in der Auvergne<\/h1>\n\n\n\n<p style=\"margin-bottom:var(--wp--preset--spacing--xxl)\">Empfang &#8211; Rezeption, kleine <a href=\"https:\/\/www.campingducolombier.com\/camping-puy-de-dome-restauration\"><strong>Snack <\/strong><\/a>(abends auf Reservierung), und der<strong>Lebensmittelladen <\/strong>mit<strong> Eis und gek\u00fchlten Getr\u00e4nken<\/strong>.<\/p>\n\n\n\n<p>Touristisches Informationsmaterial und Erm\u00e4\u00dfigungen f\u00fcr bestimmte Partnerorte k\u00f6nnen an der Rezeption abgeholt werden.<\/p>\n\n\n\n<p>Waschmaschine: M\u00fcnzbetriebene Profi-Waschmaschine, die an der Rezeption erh\u00e4ltlich ist, mittlerer Zyklus 40 Minuten mit Z\u00e4hlung auf dem Display. W\u00e4schest\u00e4nder zum Trocknen stehen zur Verf\u00fcgung. <\/p>\n\n\n\n<p><strong>*** WIR VERF\u00dcGEN NICHT \u00dcBER EINEN ELEKTRISCHEN W\u00c4SCHETROCKNER ***.<\/strong><\/p>\n\n\n\n<p style=\"margin-bottom:var(--wp--preset--spacing--xxl)\"><strong>Kostenloses Wifi (der Betrieb kann durch die umliegende Vegetation gest\u00f6rt werden)  <\/strong><\/p>\n<\/div>\n<\/div>\n<\/div>\n\n<div style=\"height:var(--wp--preset--spacing--xxxl)\" aria-hidden=\"true\" class=\"wp-block-spacer\"><\/div>\n\n<div class=\"wp-block-group alignfull hrz-galerie-1 has-global-padding is-layout-constrained wp-block-group-is-layout-constrained\">\n<div class=\"wp-block-cover alignfull hrz-galerie-1-cover\" style=\"padding-top:var(--wp--preset--spacing--xxxxxl);padding-right:var(--wp--preset--spacing--xxxxxl);padding-bottom:var(--wp--preset--spacing--xxxxxl);padding-left:var(--wp--preset--spacing--xxxxxl)\"><img alt=\"\" decoding=\"async\" width=\"2560\" height=\"1017\" class=\"wp-block-cover__image-background wp-image-810 size-full\" alt=\"\" src=\"https:\/\/www.campingducolombier.com\/wp-content\/uploads\/2026\/01\/loubeyrat-scaled.webp\" data-object-fit=\"cover\" srcset=\"https:\/\/www.campingducolombier.com\/wp-content\/uploads\/2026\/01\/loubeyrat-scaled.webp 2560w, https:\/\/www.campingducolombier.com\/wp-content\/uploads\/2026\/01\/loubeyrat-300x119.webp 300w, https:\/\/www.campingducolombier.com\/wp-content\/uploads\/2026\/01\/loubeyrat-1024x407.webp 1024w, https:\/\/www.campingducolombier.com\/wp-content\/uploads\/2026\/01\/loubeyrat-768x305.webp 768w\" sizes=\"(max-width: 2560px) 100vw, 2560px\" \/><span aria-hidden=\"true\" class=\"wp-block-cover__background has-real-black-background-color has-background-dim-30 has-background-dim\"><\/span><div class=\"wp-block-cover__inner-container has-global-padding is-layout-constrained wp-container-core-cover-is-layout-143ab919 wp-block-cover-is-layout-constrained\">\n<p class=\"has-text-align-center is-style-top-title has-real-white-color has-text-color has-link-color has-xxxxl-font-size wp-elements-0f2394c50866599b590427ac95817fa5 is-style-top-title--2\">Dienstleistungen im Club-Resort<\/p>\n\n\n\n<p class=\"has-text-align-center has-real-white-color has-text-color has-link-color wp-elements-7920c9c59fa899273da7ae612af5b5db\"><strong>Loubeyrat<\/strong> ist stolz auf den <strong>Meilleur Ouvrier France<\/strong>, Herrn Nury, der die <strong>B\u00e4ckerei<\/strong> <strong>Le Fournil 1869<\/strong> im Dorf f\u00fchrt. Im <strong>Restaurant<\/strong> &#8222;La Vall\u00e9e&#8220; k\u00f6nnen Sie eine Mahlzeit zu sich nehmen. Ein Lebensmittelgesch\u00e4ft, das am Wochenende von der gemeinn\u00fctzigen Organisation <a href=\"https:\/\/loubepice.com\" target=\"_blank\" rel=\"noreferrer noopener\">Loub&#8217;Epice<\/a> ge\u00f6ffnet wird.  <\/p>\n\n\n\n<p>Die <strong><a href=\"https:\/\/www.petanque-de-loubeyrat.com\/\" target=\"_blank\" rel=\"noreferrer noopener\">Club p\u00e9tanque de loubeyrat<\/a><\/strong> empf\u00e4ngt Sie gerne f\u00fcr ein paar Spiele oder Wettbewerbe.<\/p>\n\n\n\n<p class=\"has-text-align-center has-real-white-color has-text-color has-link-color wp-elements-fbf6c3ebc555f3cbd7f28edc58b6f492\">  * Entdecken Sie die <strong>lokalen Produzenten<\/strong> der <strong>Combrailles<\/strong>: Dank dieser interaktiven Karte k\u00f6nnen Sie eine gro\u00dfe Auswahl an Bauernh\u00f6fen finden, die bereit sind, Sie direkt auf ihren H\u00f6fen, auf den M\u00e4rkten oder auch online zu empfangen, um ihre <strong>Qualit\u00e4tsprodukte<\/strong> (K\u00e4se, Fleisch, Gem\u00fcse, Eier, Kr\u00e4utertees, Honig&#8230;) zu entdecken. Die <a href=\"http:\/\/umap.openstreetmap.fr\/fr\/map\/carte-des-producteurs-fermiers-des-combrailles-sma_478150#9\/45.9397\/2.9485\" target=\"_blank\" rel=\"noreferrer noopener\">Karte finden Sie hier<\/a>  <\/p>\n<\/div><\/div>\n<\/div>\n\n<div class=\"wp-block-group alignfull has-global-padding is-layout-constrained wp-container-core-group-is-layout-1e77583b wp-block-group-is-layout-constrained\" style=\"padding-right:var(--wp--preset--spacing--xs);padding-left:var(--wp--preset--spacing--xs)\">\n<div style=\"height:var(--wp--preset--spacing--xxl)\" aria-hidden=\"true\" class=\"wp-block-spacer\"><\/div>\n\n\n\n<div class=\"wp-block-group alignwide hrz-galerie-2 swiper is-layout-flow wp-block-group-is-layout-flow\" style=\"padding-top:var(--wp--preset--spacing--xs);padding-right:var(--wp--preset--spacing--xs);padding-bottom:var(--wp--preset--spacing--xs);padding-left:var(--wp--preset--spacing--xs)\">\n<div class=\"wp-block-group alignwide swiper-wrapper is-layout-flow wp-block-group-is-layout-flow\">\n<figure class=\"wp-block-image size-large swiper-slide\"><a href=\"https:\/\/www.campingducolombier.com\/wp-content\/uploads\/2026\/01\/accueil-camping-2019.webp\" rel=\"mosaique\"><img alt=\"\" decoding=\"async\" width=\"1024\" height=\"768\" src=\"https:\/\/www.campingducolombier.com\/wp-content\/uploads\/2026\/01\/accueil-camping-2019-1024x768.webp\" alt=\"\" class=\"wp-image-786\" style=\"aspect-ratio:16\/9;object-fit:cover\" srcset=\"https:\/\/www.campingducolombier.com\/wp-content\/uploads\/2026\/01\/accueil-camping-2019-1024x768.webp 1024w, https:\/\/www.campingducolombier.com\/wp-content\/uploads\/2026\/01\/accueil-camping-2019-300x225.webp 300w, https:\/\/www.campingducolombier.com\/wp-content\/uploads\/2026\/01\/accueil-camping-2019-768x576.webp 768w, https:\/\/www.campingducolombier.com\/wp-content\/uploads\/2026\/01\/accueil-camping-2019-720x540.webp 720w, https:\/\/www.campingducolombier.com\/wp-content\/uploads\/2026\/01\/accueil-camping-2019-320x240.webp 320w, https:\/\/www.campingducolombier.com\/wp-content\/uploads\/2026\/01\/accueil-camping-2019-160x120.webp 160w, https:\/\/www.campingducolombier.com\/wp-content\/uploads\/2026\/01\/accueil-camping-2019.webp 1440w\" sizes=\"(max-width: 1024px) 100vw, 1024px\" \/><\/a><\/figure>\n\n\n\n<figure class=\"wp-block-image size-large swiper-slide\"><a href=\"https:\/\/www.campingducolombier.com\/wp-content\/uploads\/2026\/01\/laverie_repassage.webp\" rel=\"hrz-galerie-2\"><img alt=\"\" decoding=\"async\" width=\"1024\" height=\"1024\" src=\"https:\/\/www.campingducolombier.com\/wp-content\/uploads\/2026\/01\/laverie_repassage-1024x1024.webp\" alt=\"\" class=\"wp-image-794\" style=\"aspect-ratio:3\/4;object-fit:cover\" srcset=\"https:\/\/www.campingducolombier.com\/wp-content\/uploads\/2026\/01\/laverie_repassage-1024x1024.webp 1024w, https:\/\/www.campingducolombier.com\/wp-content\/uploads\/2026\/01\/laverie_repassage-300x300.webp 300w, https:\/\/www.campingducolombier.com\/wp-content\/uploads\/2026\/01\/laverie_repassage-150x150.webp 150w, https:\/\/www.campingducolombier.com\/wp-content\/uploads\/2026\/01\/laverie_repassage-768x768.webp 768w, https:\/\/www.campingducolombier.com\/wp-content\/uploads\/2026\/01\/laverie_repassage-1000x1000.webp 1000w, https:\/\/www.campingducolombier.com\/wp-content\/uploads\/2026\/01\/laverie_repassage-600x600.webp 600w, https:\/\/www.campingducolombier.com\/wp-content\/uploads\/2026\/01\/laverie_repassage-400x400.webp 400w, https:\/\/www.campingducolombier.com\/wp-content\/uploads\/2026\/01\/laverie_repassage-200x200.webp 200w, https:\/\/www.campingducolombier.com\/wp-content\/uploads\/2026\/01\/laverie_repassage-100x100.webp 100w, https:\/\/www.campingducolombier.com\/wp-content\/uploads\/2026\/01\/laverie_repassage.webp 1080w\" sizes=\"(max-width: 1024px) 100vw, 1024px\" \/><\/a><\/figure>\n\n\n\n<figure class=\"wp-block-image size-full swiper-slide\"><a href=\"https:\/\/www.campingducolombier.com\/wp-content\/uploads\/2026\/01\/accueil_snack_2020.webp\" rel=\"hrz-galerie-2\"><img alt=\"\" decoding=\"async\" width=\"1440\" height=\"1080\" src=\"https:\/\/www.campingducolombier.com\/wp-content\/uploads\/2026\/01\/accueil_snack_2020.webp\" alt=\"\" class=\"wp-image-802\" style=\"aspect-ratio:4\/3;object-fit:cover\" srcset=\"https:\/\/www.campingducolombier.com\/wp-content\/uploads\/2026\/01\/accueil_snack_2020.webp 1440w, https:\/\/www.campingducolombier.com\/wp-content\/uploads\/2026\/01\/accueil_snack_2020-300x225.webp 300w, https:\/\/www.campingducolombier.com\/wp-content\/uploads\/2026\/01\/accueil_snack_2020-1024x768.webp 1024w, https:\/\/www.campingducolombier.com\/wp-content\/uploads\/2026\/01\/accueil_snack_2020-768x576.webp 768w, https:\/\/www.campingducolombier.com\/wp-content\/uploads\/2026\/01\/accueil_snack_2020-720x540.webp 720w, https:\/\/www.campingducolombier.com\/wp-content\/uploads\/2026\/01\/accueil_snack_2020-320x240.webp 320w, https:\/\/www.campingducolombier.com\/wp-content\/uploads\/2026\/01\/accueil_snack_2020-160x120.webp 160w\" sizes=\"(max-width: 1440px) 100vw, 1440px\" \/><\/a><\/figure>\n\n\n\n<figure class=\"wp-block-image size-large swiper-slide\"><a href=\"https:\/\/www.campingducolombier.com\/wp-content\/uploads\/2026\/01\/campingducolombier-auvergne-snack-bar.webp\" rel=\"hrz-galerie-2\"><img alt=\"\" decoding=\"async\" width=\"1024\" height=\"576\" src=\"https:\/\/www.campingducolombier.com\/wp-content\/uploads\/2026\/01\/campingducolombier-auvergne-snack-bar-1024x576.webp\" alt=\"\" class=\"wp-image-790\" style=\"aspect-ratio:3\/4;object-fit:cover\" srcset=\"https:\/\/www.campingducolombier.com\/wp-content\/uploads\/2026\/01\/campingducolombier-auvergne-snack-bar-1024x576.webp 1024w, https:\/\/www.campingducolombier.com\/wp-content\/uploads\/2026\/01\/campingducolombier-auvergne-snack-bar-300x169.webp 300w, https:\/\/www.campingducolombier.com\/wp-content\/uploads\/2026\/01\/campingducolombier-auvergne-snack-bar-768x432.webp 768w, https:\/\/www.campingducolombier.com\/wp-content\/uploads\/2026\/01\/campingducolombier-auvergne-snack-bar-1440x810.webp 1440w, https:\/\/www.campingducolombier.com\/wp-content\/uploads\/2026\/01\/campingducolombier-auvergne-snack-bar-1366x768.webp 1366w, https:\/\/www.campingducolombier.com\/wp-content\/uploads\/2026\/01\/campingducolombier-auvergne-snack-bar-800x450.webp 800w, https:\/\/www.campingducolombier.com\/wp-content\/uploads\/2026\/01\/campingducolombier-auvergne-snack-bar-640x360.webp 640w, https:\/\/www.campingducolombier.com\/wp-content\/uploads\/2026\/01\/campingducolombier-auvergne-snack-bar-375x210.webp 375w, https:\/\/www.campingducolombier.com\/wp-content\/uploads\/2026\/01\/campingducolombier-auvergne-snack-bar-200x112.webp 200w, https:\/\/www.campingducolombier.com\/wp-content\/uploads\/2026\/01\/campingducolombier-auvergne-snack-bar-100x56.webp 100w, https:\/\/www.campingducolombier.com\/wp-content\/uploads\/2026\/01\/campingducolombier-auvergne-snack-bar.webp 1920w\" sizes=\"(max-width: 1024px) 100vw, 1024px\" \/><\/a><\/figure>\n\n\n\n<figure class=\"wp-block-image size-full swiper-slide\"><a href=\"https:\/\/www.campingducolombier.com\/wp-content\/uploads\/2026\/01\/repas-snack-scaled.webp\" rel=\"mosaique\"><img alt=\"\" decoding=\"async\" width=\"2560\" height=\"1808\" src=\"https:\/\/www.campingducolombier.com\/wp-content\/uploads\/2026\/01\/repas-snack-scaled.webp\" alt=\"\" class=\"wp-image-769\" style=\"aspect-ratio:3\/2;object-fit:cover\" srcset=\"https:\/\/www.campingducolombier.com\/wp-content\/uploads\/2026\/01\/repas-snack-scaled.webp 2560w, https:\/\/www.campingducolombier.com\/wp-content\/uploads\/2026\/01\/repas-snack-300x212.webp 300w, https:\/\/www.campingducolombier.com\/wp-content\/uploads\/2026\/01\/repas-snack-1024x723.webp 1024w, https:\/\/www.campingducolombier.com\/wp-content\/uploads\/2026\/01\/repas-snack-768x542.webp 768w\" sizes=\"(max-width: 2560px) 100vw, 2560px\" \/><\/a><\/figure>\n\n\n\n<figure class=\"wp-block-image size-large swiper-slide\"><a href=\"https:\/\/www.campingducolombier.com\/wp-content\/uploads\/2026\/01\/vacanciers-terrasse-snack-scaled.webp\" rel=\"mosaique\"><img alt=\"\" decoding=\"async\" width=\"1024\" height=\"611\" src=\"https:\/\/www.campingducolombier.com\/wp-content\/uploads\/2026\/01\/vacanciers-terrasse-snack-1024x611.webp\" alt=\"\" class=\"wp-image-753\" style=\"aspect-ratio:3\/4;object-fit:cover\" srcset=\"https:\/\/www.campingducolombier.com\/wp-content\/uploads\/2026\/01\/vacanciers-terrasse-snack-1024x611.webp 1024w, https:\/\/www.campingducolombier.com\/wp-content\/uploads\/2026\/01\/vacanciers-terrasse-snack-300x179.webp 300w, https:\/\/www.campingducolombier.com\/wp-content\/uploads\/2026\/01\/vacanciers-terrasse-snack-768x458.webp 768w\" sizes=\"(max-width: 1024px) 100vw, 1024px\" \/><\/a><\/figure>\n<\/div>\n\n\n\n<div class=\"wp-block-group is-relative is-content-justification-left is-nowrap is-layout-flex wp-container-core-group-is-layout-03554c85 wp-block-group-is-layout-flex\" style=\"padding-top:var(--wp--preset--spacing--m);padding-left:0\">\n<div class=\"wp-block-group hrz-galerie-2-pagination hrz-slider-dots has-global-padding is-content-justification-center is-layout-constrained wp-block-group-is-layout-constrained\" style=\"border-radius:8px\"><\/div>\n<\/div>\n<\/div>\n\n\n\n<div style=\"height:var(--wp--preset--spacing--xxxxl)\" aria-hidden=\"true\" class=\"wp-block-spacer\"><\/div>\n<\/div>\n","protected":false},"excerpt":{"rendered":"<p>Die Dienstleistungen eines 3-Sterne-Campingplatzes in der Auvergne Empfang &#8211; Rezeption, kleine Snack (abends auf Reservierung), und derLebensmittelladen mit Eis und gek\u00fchlten Getr\u00e4nken. Touristisches Informationsmaterial und Erm\u00e4\u00dfigungen f\u00fcr bestimmte Partnerorte k\u00f6nnen an der Rezeption abgeholt werden. Waschmaschine: M\u00fcnzbetriebene Profi-Waschmaschine, die an der Rezeption erh\u00e4ltlich ist, mittlerer Zyklus 40 Minuten mit Z\u00e4hlung auf dem Display. W\u00e4schest\u00e4nder zum [&hellip;]<\/p>\n","protected":false},"author":1,"featured_media":0,"parent":0,"menu_order":0,"comment_status":"closed","ping_status":"closed","template":"page-no-title","meta":{"_acf_changed":false,"_seopress_robots_primary_cat":"","_seopress_titles_title":"3-Sterne-Campingplatz Volvic | Service & Ausstattung des Campingplatzes in der Auvergne","_seopress_titles_desc":"Ein unbeschwerter Urlaub am Fu\u00dfe der Vulkane! Entdecken Sie den Service unseres 3-Sterne-Campingplatzes f\u00fcr Ihren Aufenthalt in der N\u00e4he von Volvic. ","_seopress_robots_index":"","footnotes":""},"class_list":["post-1751","page","type-page","status-publish","hentry"],"acf":[],"_links":{"self":[{"href":"https:\/\/www.campingducolombier.com\/de\/wp-json\/wp\/v2\/pages\/1751","targetHints":{"allow":["GET"]}}],"collection":[{"href":"https:\/\/www.campingducolombier.com\/de\/wp-json\/wp\/v2\/pages"}],"about":[{"href":"https:\/\/www.campingducolombier.com\/de\/wp-json\/wp\/v2\/types\/page"}],"author":[{"embeddable":true,"href":"https:\/\/www.campingducolombier.com\/de\/wp-json\/wp\/v2\/users\/1"}],"replies":[{"embeddable":true,"href":"https:\/\/www.campingducolombier.com\/de\/wp-json\/wp\/v2\/comments?post=1751"}],"version-history":[{"count":1,"href":"https:\/\/www.campingducolombier.com\/de\/wp-json\/wp\/v2\/pages\/1751\/revisions"}],"predecessor-version":[{"id":1752,"href":"https:\/\/www.campingducolombier.com\/de\/wp-json\/wp\/v2\/pages\/1751\/revisions\/1752"}],"wp:attachment":[{"href":"https:\/\/www.campingducolombier.com\/de\/wp-json\/wp\/v2\/media?parent=1751"}],"curies":[{"name":"wp","href":"https:\/\/api.w.org\/{rel}","templated":true}]}}