{"id":1749,"date":"2025-12-19T09:43:45","date_gmt":"2025-12-19T08:43:45","guid":{"rendered":"https:\/\/www.campingducolombier.com\/der-campingplatz\/"},"modified":"2026-01-30T12:18:10","modified_gmt":"2026-01-30T11:18:10","slug":"der-campingplatz","status":"publish","type":"page","link":"https:\/\/www.campingducolombier.com\/de\/der-campingplatz\/","title":{"rendered":"Der Campingplatz"},"content":{"rendered":"\n<div class=\"wp-block-group alignfull hrz-hero-4 swiper swiper-slider-6-colombier is-layout-flow wp-block-group-is-layout-flow\" style=\"margin-top:0;margin-bottom:0;padding-top:0;padding-right:0;padding-bottom:0;padding-left:0\">\n<div class=\"wp-block-group hrz-hero-4-content is-layout-flow wp-block-group-is-layout-flow\"><div class=\"aligncenter wp-block-site-logo\"><a href=\"https:\/\/www.campingducolombier.com\/de\/\" class=\"custom-logo-link\" rel=\"home\"><img decoding=\"async\" width=\"150\" height=\"50\" src=\"https:\/\/www.campingducolombier.com\/wp-content\/uploads\/2026\/01\/logo.png\" class=\"custom-logo\" alt=\"Le Camping du Colombier\" srcset=\"https:\/\/www.campingducolombier.com\/wp-content\/uploads\/2026\/01\/logo.png 408w, https:\/\/www.campingducolombier.com\/wp-content\/uploads\/2026\/01\/logo-300x101.png 300w, https:\/\/www.campingducolombier.com\/wp-content\/uploads\/2026\/01\/logo-400x137.png 400w\" sizes=\"(max-width: 150px) 100vw, 150px\" \/><\/a><\/div>\n\n\n<div class=\"wp-block-group is-relative is-content-justification-left is-nowrap is-layout-flex wp-container-core-group-is-layout-03554c85 wp-block-group-is-layout-flex\" style=\"padding-top:var(--wp--preset--spacing--m);padding-left:0\">\n<div class=\"wp-block-group hrz-slider-6-pagination hrz-slider-dots has-global-padding is-content-justification-center is-layout-constrained wp-block-group-is-layout-constrained\" style=\"border-radius:8px\"><\/div>\n<\/div>\n<\/div>\n\n\n\n<div class=\"wp-block-group swiper-wrapper is-nowrap is-layout-flex wp-container-core-group-is-layout-879c0eda wp-block-group-is-layout-flex\" style=\"margin-top:0;margin-bottom:0;padding-top:0;padding-right:0;padding-bottom:0;padding-left:0\">\n<div class=\"wp-block-group swiper-slide has-global-padding is-layout-constrained wp-block-group-is-layout-constrained\">\n<figure class=\"wp-block-image alignfull size-full\" style=\"margin-top:0;margin-right:0;margin-bottom:0;margin-left:0\"><img alt=\"\" decoding=\"async\" width=\"1920\" height=\"1440\" src=\"https:\/\/www.campingducolombier.com\/wp-content\/uploads\/2025\/12\/00001187460.jpg\" alt=\"\" class=\"wp-image-219\" srcset=\"https:\/\/www.campingducolombier.com\/wp-content\/uploads\/2025\/12\/00001187460.jpg 1920w, https:\/\/www.campingducolombier.com\/wp-content\/uploads\/2025\/12\/00001187460-300x225.jpg 300w, https:\/\/www.campingducolombier.com\/wp-content\/uploads\/2025\/12\/00001187460-1024x768.jpg 1024w, https:\/\/www.campingducolombier.com\/wp-content\/uploads\/2025\/12\/00001187460-768x576.jpg 768w, https:\/\/www.campingducolombier.com\/wp-content\/uploads\/2025\/12\/00001187460-1440x1080.jpg 1440w, https:\/\/www.campingducolombier.com\/wp-content\/uploads\/2025\/12\/00001187460-720x540.jpg 720w, https:\/\/www.campingducolombier.com\/wp-content\/uploads\/2025\/12\/00001187460-320x240.jpg 320w, https:\/\/www.campingducolombier.com\/wp-content\/uploads\/2025\/12\/00001187460-160x120.jpg 160w\" sizes=\"(max-width: 1920px) 100vw, 1920px\" \/><\/figure>\n<\/div>\n<\/div>\n<\/div>\n\n<div class=\"wp-block-group alignfull is-style-background-img-groupe-wave-white has-primary-gradient-gradient-background has-background has-global-padding is-layout-constrained wp-block-group-is-layout-constrained\"><div style=\"padding-top:var(--wp--preset--spacing--xl);padding-bottom:var(--wp--preset--spacing--xl);\" class=\"wp-block-wpseopress-breadcrumbs\"><nav  aria-label=\"Brotkrumen\"><ol class=\"breadcrumb\" itemscope itemtype=\"https:\/\/schema.org\/BreadcrumbList\"><li class=\"breadcrumb-item active\" aria-current=\"page\" itemprop=\"itemListElement\" itemscope itemtype=\"https:\/\/schema.org\/ListItem\"><span itemprop=\"name\">Camping \u00e0 Volvic<\/span><meta itemprop=\"position\" content=\"1\"><\/li><\/ol><\/nav><\/div>\n\n\n<div style=\"height:var(--wp--preset--spacing--xxxxl)\" aria-hidden=\"true\" class=\"wp-block-spacer\"><\/div>\n\n\n\n<div class=\"wp-block-columns alignwide are-vertically-aligned-center hrz-responsive-col hrz-reponsive-order is-style-hrz-reponsive-order is-layout-flex wp-container-core-columns-is-layout-3f562962 wp-block-columns-is-layout-flex\" style=\"margin-top:0;margin-bottom:0;padding-top:0;padding-right:var(--wp--preset--spacing--xxl);padding-bottom:0;padding-left:var(--wp--preset--spacing--xxl)\">\n<div class=\"wp-block-column is-vertically-aligned-center is-layout-flow wp-block-column-is-layout-flow\">\n<figure class=\"wp-block-image size-full\"><img alt=\"\" decoding=\"async\" width=\"1920\" height=\"1080\" src=\"https:\/\/www.campingducolombier.com\/wp-content\/uploads\/2026\/01\/snack-camping-1.webp\" alt=\"\" class=\"wp-image-798\" style=\"aspect-ratio:3\/4;object-fit:cover\" srcset=\"https:\/\/www.campingducolombier.com\/wp-content\/uploads\/2026\/01\/snack-camping-1.webp 1920w, https:\/\/www.campingducolombier.com\/wp-content\/uploads\/2026\/01\/snack-camping-1-300x169.webp 300w, https:\/\/www.campingducolombier.com\/wp-content\/uploads\/2026\/01\/snack-camping-1-1024x576.webp 1024w, https:\/\/www.campingducolombier.com\/wp-content\/uploads\/2026\/01\/snack-camping-1-768x432.webp 768w, https:\/\/www.campingducolombier.com\/wp-content\/uploads\/2026\/01\/snack-camping-1-1440x810.webp 1440w, https:\/\/www.campingducolombier.com\/wp-content\/uploads\/2026\/01\/snack-camping-1-1366x768.webp 1366w, https:\/\/www.campingducolombier.com\/wp-content\/uploads\/2026\/01\/snack-camping-1-800x450.webp 800w, https:\/\/www.campingducolombier.com\/wp-content\/uploads\/2026\/01\/snack-camping-1-640x360.webp 640w, https:\/\/www.campingducolombier.com\/wp-content\/uploads\/2026\/01\/snack-camping-1-375x210.webp 375w, https:\/\/www.campingducolombier.com\/wp-content\/uploads\/2026\/01\/snack-camping-1-200x112.webp 200w, https:\/\/www.campingducolombier.com\/wp-content\/uploads\/2026\/01\/snack-camping-1-100x56.webp 100w\" sizes=\"(max-width: 1920px) 100vw, 1920px\" \/><\/figure>\n<\/div>\n\n\n\n<div class=\"wp-block-column is-vertically-aligned-center hrz-responsive-col has-light-background-color has-background is-layout-flow wp-block-column-is-layout-flow\" style=\"border-top-left-radius:50px;border-top-right-radius:50px;border-bottom-left-radius:50px;border-bottom-right-radius:50px;padding-top:var(--wp--preset--spacing--xxxl);padding-right:var(--wp--preset--spacing--xxxl);padding-bottom:var(--wp--preset--spacing--xxxl);padding-left:var(--wp--preset--spacing--xxxl)\">\n<div class=\"wp-block-outermost-icon-block items-justified-left\"><div class=\"icon-container has-icon-color has-primary-color\" style=\"color:#28562A;width:120px;transform:rotate(0deg) scaleX(1) scaleY(1)\"><svg xmlns=\"http:\/\/www.w3.org\/2000\/svg\" width=\"126\" height=\"75\" viewbox=\"0 0 126 75\" fill=\"none\"><g clip-path=\"url(#clip0_2031_450)\"><path fill-rule=\"evenodd\" clip-rule=\"evenodd\" d=\"M24.3844 34.7686C15.8248 39.8132 7.68276 41.36 0 39.4091C14.781 61.7196 35.3379 64.437 61.6708 47.5752C48.4904 41.374 37.0777 40.6633 27.4325 45.457C40.4737 37.3467 57.3284 39.1861 77.9967 50.9754C62.1301 27.2714 44.2594 21.8784 24.3844 34.7826V34.7686Z\"><\/path><path fill-rule=\"evenodd\" clip-rule=\"evenodd\" d=\"M85.8603 18.8266C77.2172 13.9214 71.817 7.6505 69.6597 0C57.7598 23.9688 65.6792 43.1577 93.4317 57.553C92.207 43.0184 87.113 32.7759 78.1497 26.8116C91.6781 34.058 98.5258 49.5959 98.6649 73.4114C111.233 47.7982 106.96 29.5987 85.8603 18.8266Z\"><\/path><path fill-rule=\"evenodd\" clip-rule=\"evenodd\" d=\"M62.3945 65.2174C74.545 63.4198 80.6132 62.5279 80.6132 62.5279C77.7461 68.8128 72.0119 73.3278 65.2338 74.6238C58.4557 75.9337 51.4689 73.8713 46.4723 69.0915C49.1446 62.6812 54.6561 57.9153 61.3785 56.2013C68.087 54.4872 75.227 56.048 80.6272 60.3958C68.4767 63.6149 62.4084 65.2174 62.4084 65.2174H62.3945Z\"><\/path><path fill-rule=\"evenodd\" clip-rule=\"evenodd\" d=\"M47.0848 12.054C54.7118 21.6834 58.5254 26.505 58.5254 26.505C51.6499 27.1599 44.8857 24.4426 40.3623 19.2168C35.839 13.9911 34.1271 6.89797 35.7694 0.181132C42.6449 -0.710729 49.5343 1.68615 54.3639 6.66107C59.2074 11.622 61.4203 18.5897 60.3626 25.4459C51.5107 16.5273 47.0708 12.054 47.0708 12.054H47.0848Z\"><\/path><path fill-rule=\"evenodd\" clip-rule=\"evenodd\" d=\"M116.856 27.16C112.333 38.587 110.078 44.3005 110.078 44.3005C106.069 38.6706 105.039 31.4521 107.294 24.9164C109.563 18.3808 114.838 13.3501 121.463 11.4131C125.666 16.9315 127.044 24.0942 125.165 30.7832C123.286 37.4582 118.387 42.8652 111.915 45.3735C115.2 33.2358 116.856 27.16 116.856 27.16Z\"><\/path><\/g><defs><clippath id=\"clip0_2031_450\"><rect width=\"126\" height=\"75\" fill=\"white\"><\/rect><\/clippath><\/defs><\/svg><\/div><\/div>\n\n\n\n<div style=\"height:var(--wp--preset--spacing--m)\" aria-hidden=\"true\" class=\"wp-block-spacer\"><\/div>\n\n\n\n<p class=\"has-text-align-left is-style-top-title has-primary-color has-text-color has-link-color wp-elements-303f258e5692b86030c01a1ef7b39262 is-style-top-title--1\">Die Geschichte unseres Familiencampingplatzes<\/p>\n\n\n\n<h1 class=\"wp-block-heading\" style=\"margin-bottom:var(--wp--preset--spacing--xxl)\">Der Campingplatz Le Colombier<\/h1>\n\n\n\n<p style=\"margin-bottom:var(--wp--preset--spacing--xxl)\">Die Geschichte unseres Campingplatzes beginnt 1975, als die Gr\u00fcnder Martine und Louis, die die Natur lieben und gerne teilen, beschlie\u00dfen, einen kleinen Familiencampingplatz im Herzen der Auvergne in Loubeyrat zu er\u00f6ffnen. Damals gab es nur wenige Pl\u00e4tze, auf denen Zelte und Wohnwagen standen, in einem einfachen und freundlichen Geist, der den Werten des alten Campings treu blieb. <\/p>\n\n\n\n<p style=\"margin-bottom:var(--wp--preset--spacing--xxl)\">Schon in den ersten Jahren funktionierte die Mund-zu-Mund-Propaganda: Die Urlauber sch\u00e4tzten den herzlichen Empfang, die famili\u00e4re Atmosph\u00e4re und die Ruhe des Ortes.<\/p>\n<\/div>\n<\/div>\n<\/div>\n\n<div class=\"wp-block-group alignfull hrz-contenus-2 has-global-padding is-layout-constrained wp-block-group-is-layout-constrained\">\n<div class=\"wp-block-columns alignwide hrz-responsive-col is-layout-flex wp-container-core-columns-is-layout-b6746764 wp-block-columns-is-layout-flex\" style=\"margin-top:0;margin-bottom:0;padding-top:0;padding-right:0;padding-bottom:0;padding-left:0\">\n<div class=\"wp-block-column is-vertically-aligned-center hrz-contenus-2-contenus has-secondary-background-color has-background has-global-padding is-layout-constrained wp-container-core-column-is-layout-e6325cf1 wp-block-column-is-layout-constrained\" style=\"border-radius:8px;padding-top:var(--wp--preset--spacing--xxl);padding-right:var(--wp--preset--spacing--xxl);padding-bottom:var(--wp--preset--spacing--xxl);padding-left:var(--wp--preset--spacing--xxl)\">\n<p class=\"has-paragraph-color has-text-color has-link-color wp-elements-d34ec4ac31ae30cec44ce6a0fda06ce0\">In den 1980er und 1990er Jahren entwickelte sich der Campingplatz weiter, behielt aber seine Seele bei. Neue Stellpl\u00e4tze wurden geschaffen, die Sanit\u00e4ranlagen modernisiert und die ersten Chalets und Bungalows wurden gebaut, um den Erwartungen eines sich wandelnden Tourismus gerecht zu werden. Jede Verbesserung wird sorgf\u00e4ltig durchdacht, immer mit Respekt f\u00fcr die Umwelt und das Wohlbefinden der Urlauber.  <\/p>\n\n\n\n<p class=\"has-paragraph-color has-text-color has-link-color wp-elements-a287cf08276abaf03974fe50326e4039\">Ab dem Jahr 2017 \u00fcbernimmt eine neue Generation die Leitung. Getreu dem Geist, der von den Gr\u00fcndern weitergegeben wurde, setzt sie die Entwicklung des Campingplatzes fort: Verbesserung der Infrastruktur, Einrichtung der Rezeption und der Snackbar, Hervorhebung des lokalen Erbes und Verst\u00e4rkung des \u00f6kologischen Engagements. <\/p>\n<\/div>\n\n\n\n<div class=\"wp-block-column is-layout-flow wp-block-column-is-layout-flow\">\n<figure class=\"wp-block-image size-full\"><img alt=\"\" decoding=\"async\" width=\"749\" height=\"500\" src=\"https:\/\/www.campingducolombier.com\/wp-content\/uploads\/2026\/01\/camping-auvergne-piscine.webp\" alt=\"\" class=\"wp-image-680\" style=\"aspect-ratio:1;object-fit:cover\" srcset=\"https:\/\/www.campingducolombier.com\/wp-content\/uploads\/2026\/01\/camping-auvergne-piscine.webp 749w, https:\/\/www.campingducolombier.com\/wp-content\/uploads\/2026\/01\/camping-auvergne-piscine-300x200.webp 300w, https:\/\/www.campingducolombier.com\/wp-content\/uploads\/2026\/01\/camping-auvergne-piscine-720x480.webp 720w, https:\/\/www.campingducolombier.com\/wp-content\/uploads\/2026\/01\/camping-auvergne-piscine-480x320.webp 480w, https:\/\/www.campingducolombier.com\/wp-content\/uploads\/2026\/01\/camping-auvergne-piscine-240x160.webp 240w, https:\/\/www.campingducolombier.com\/wp-content\/uploads\/2026\/01\/camping-auvergne-piscine-120x80.webp 120w\" sizes=\"(max-width: 749px) 100vw, 749px\" \/><\/figure>\n<\/div>\n<\/div>\n\n\n\n<div style=\"height:var(--wp--preset--spacing--xxl)\" aria-hidden=\"true\" class=\"wp-block-spacer\"><\/div>\n<\/div>\n\n<div class=\"wp-block-group alignfull hrz-galerie-3 has-global-padding is-layout-constrained wp-container-core-group-is-layout-a700ee33 wp-block-group-is-layout-constrained\" style=\"padding-top:0;padding-right:0;padding-bottom:0;padding-left:0\">\n<div class=\"wp-block-group has-global-padding is-layout-constrained wp-container-core-group-is-layout-41c22256 wp-block-group-is-layout-constrained\" style=\"padding-right:var(--wp--preset--spacing--l);padding-left:var(--wp--preset--spacing--l)\">\n<p class=\"has-text-align-center is-style-lab-p--base has-text-alt-color has-text-color has-link-color wp-elements-43227130453f8e4635ccbd1852a4d27c\" style=\"margin-top:var(--wp--preset--spacing--s);margin-bottom:var(--wp--preset--spacing--m)\">Heute, fast 50 Jahre nach seiner Gr\u00fcndung, ist unser Campingplatz stolz darauf, Familien zu empfangen, die manchmal schon seit mehreren Generationen kommen. Einige Camper kommen jeden Sommer wieder und sind im Laufe der Zeit zu Freunden geworden. Diese menschliche Verbindung, die seit 1975 besteht, ist unser gr\u00f6\u00dfter Reichtum.  <\/p>\n\n\n\n<p class=\"has-text-align-center is-style-lab-p--base has-text-alt-color has-text-color has-link-color wp-elements-d602c89e1a8f573ac48293a1bacff2e3\" style=\"margin-top:var(--wp--preset--spacing--s);margin-bottom:var(--wp--preset--spacing--m)\">Unser Campingplatz ist mehr als nur ein Urlaubsort, er ist eine Familiengeschichte, eine Geschichte von Begegnungen und gemeinsamen Erinnerungen, die wir jede Saison mit Leidenschaft weiterschreiben.<\/p>\n<\/div>\n\n\n\n<div style=\"height:var(--wp--preset--spacing--xxl)\" aria-hidden=\"true\" class=\"wp-block-spacer\"><\/div>\n<\/div>\n","protected":false},"excerpt":{"rendered":"<p>Die Geschichte unseres Familiencampingplatzes Der Campingplatz Le Colombier Die Geschichte unseres Campingplatzes beginnt 1975, als die Gr\u00fcnder Martine und Louis, die die Natur lieben und gerne teilen, beschlie\u00dfen, einen kleinen Familiencampingplatz im Herzen der Auvergne in Loubeyrat zu er\u00f6ffnen. Damals gab es nur wenige Pl\u00e4tze, auf denen Zelte und Wohnwagen standen, in einem einfachen und [&hellip;]<\/p>\n","protected":false},"author":1,"featured_media":0,"parent":0,"menu_order":0,"comment_status":"closed","ping_status":"closed","template":"page-no-title","meta":{"_acf_changed":false,"_seopress_robots_primary_cat":"","_seopress_titles_title":"Campingplatz Loubeyrat | Die Geschichte des Campingplatzes Le Camping du Colombier","_seopress_titles_desc":"Reisen Sie durch die Geschichte des Campingplatzes Le Camping du Colombier in Loubeyrat. Genie\u00dfen Sie einen Aufenthalt in einer nat\u00fcrlichen Umgebung in der Region Puy-de-D\u00f4me. ","_seopress_robots_index":"","footnotes":""},"class_list":["post-1749","page","type-page","status-publish","hentry"],"acf":[],"_links":{"self":[{"href":"https:\/\/www.campingducolombier.com\/de\/wp-json\/wp\/v2\/pages\/1749","targetHints":{"allow":["GET"]}}],"collection":[{"href":"https:\/\/www.campingducolombier.com\/de\/wp-json\/wp\/v2\/pages"}],"about":[{"href":"https:\/\/www.campingducolombier.com\/de\/wp-json\/wp\/v2\/types\/page"}],"author":[{"embeddable":true,"href":"https:\/\/www.campingducolombier.com\/de\/wp-json\/wp\/v2\/users\/1"}],"replies":[{"embeddable":true,"href":"https:\/\/www.campingducolombier.com\/de\/wp-json\/wp\/v2\/comments?post=1749"}],"version-history":[{"count":1,"href":"https:\/\/www.campingducolombier.com\/de\/wp-json\/wp\/v2\/pages\/1749\/revisions"}],"predecessor-version":[{"id":1750,"href":"https:\/\/www.campingducolombier.com\/de\/wp-json\/wp\/v2\/pages\/1749\/revisions\/1750"}],"wp:attachment":[{"href":"https:\/\/www.campingducolombier.com\/de\/wp-json\/wp\/v2\/media?parent=1749"}],"curies":[{"name":"wp","href":"https:\/\/api.w.org\/{rel}","templated":true}]}}